{"id":5558,"date":"2014-01-02T02:35:23","date_gmt":"2014-01-02T01:35:23","guid":{"rendered":"http:\/\/www.oriolmorte.com\/?page_id=5558"},"modified":"2020-04-23T09:09:40","modified_gmt":"2020-04-23T07:09:40","slug":"retrato","status":"publish","type":"page","link":"https:\/\/www.oriolmorte.com\/es\/retrato\/","title":{"rendered":"Retrato"},"content":{"rendered":"<p>[av_masonry_gallery ids=\u20195014,5332,5347,5344,5341,5338,5335,5329,5326,5323,5320,5317,5314,5311,5308,5305,5302,5299,5296,5293,5290,5287,5284,5281,5278,5275,5272,5269,5266,5263,5260,5257,5254,5251,5248,5245,5242,5239,5236,5233,5230,5227,5224,5221,5218,5215,5212,5209,5206,5203,5200,5197,5194,5191,5188,5185,5182,5179,5176,5173,5170,5167,5164,5161,5158,5155,5152,5149,5146,5143,5140,5137,5134,5131,5128,5125,5122,5119,5116,5113,5110,5107,5104,5101,5098,5095,5092,5089,5086,5083,5080,5077,5074,5071,5068,5065,5062,5059,5056,5053,5050,5047,5044,5041,5038,5035,5032,5029,5026,5023,5020,5017,5011,5008,5005,5002\u2032 items=\u201924\u2019 paginate=\u2019load_more\u2019 size=\u2019flex\u2019 gap=\u20191px\u2019 overlay_fx=\u2019active\u2019 caption_elements=\u2019none\u2019 caption_display=\u2019always\u2019 container_links=\u00bb id=\u00bb]<\/p>\n<p>[av_section color=\u2019main_color\u2019 custom_bg=\u00bb src=\u00bb position=\u2019top left\u2019 repeat=\u2019no-repeat\u2019 attach=\u2019scroll\u2019 min_height=\u00bb padding=\u2019default\u2019 shadow=\u2019no-shadow\u2019 id=\u00bb][\/av_section]<\/p>\n","protected":false},"excerpt":{"rendered":"<p>[av_masonry_gallery ids=\u20195014,5332,5347,5344,5341,5338,5335,5329,5326,5323,5320,5317,5314,5311,5308,5305,5302,5299,5296,5293,5290,5287,5284,5281,5278,5275,5272,5269,5266,5263,5260,5257,5254,5251,5248,5245,5242,5239,5236,5233,5230,5227,5224,5221,5218,5215,5212,5209,5206,5203,5200,5197,5194,5191,5188,5185,5182,5179,5176,5173,5170,5167,5164,5161,5158,5155,5152,5149,5146,5143,5140,5137,5134,5131,5128,5125,5122,5119,5116,5113,5110,5107,5104,5101,5098,5095,5092,5089,5086,5083,5080,5077,5074,5071,5068,5065,5062,5059,5056,5053,5050,5047,5044,5041,5038,5035,5032,5029,5026,5023,5020,5017,5011,5008,5005,5002\u2032 items=\u201924\u2019 paginate=\u2019load_more\u2019 size=\u2019flex\u2019 gap=\u20191px\u2019 overlay_fx=\u2019active\u2019 caption_elements=\u2019none\u2019 caption_display=\u2019always\u2019 container_links=\u00bb id=\u00bb] [av_section color=\u2019main_color\u2019 custom_bg=\u00bb src=\u00bb position=\u2019top left\u2019 repeat=\u2019no-repeat\u2019 attach=\u2019scroll\u2019 min_height=\u00bb padding=\u2019default\u2019 shadow=\u2019no-shadow\u2019 id=\u00bb][\/av_section]<\/p>\n","protected":false},"author":1,"featured_media":0,"parent":0,"menu_order":0,"comment_status":"closed","ping_status":"closed","template":"","meta":{"footnotes":""},"yoast_head":"<!-- This site is optimized with the Yoast SEO plugin v23.5 - https:\/\/yoast.com\/wordpress\/plugins\/seo\/ -->\n<title>Retrato - Oriol Morte | Visuals<\/title>\n<meta name=\"description\" content=\"Galer\u00eda de fotos de retrato, modelos en estilo fashion, glamour, ba\u00f1ador, lencer\u00eda y casual\" \/>\n<meta name=\"robots\" content=\"index, follow, max-snippet:-1, max-image-preview:large, max-video-preview:-1\" \/>\n<link rel=\"canonical\" href=\"https:\/\/www.oriolmorte.com\/es\/retrato\/\" \/>\n<meta property=\"og:locale\" content=\"es_ES\" \/>\n<meta property=\"og:type\" content=\"article\" \/>\n<meta property=\"og:title\" content=\"Retrato - Oriol Morte | Visuals\" \/>\n<meta property=\"og:description\" content=\"Galer\u00eda de fotos de retrato, modelos en estilo fashion, glamour, ba\u00f1ador, lencer\u00eda y casual\" \/>\n<meta property=\"og:url\" content=\"https:\/\/www.oriolmorte.com\/es\/retrato\/\" \/>\n<meta property=\"og:site_name\" content=\"Oriol Morte | Visuals\" \/>\n<meta property=\"article:modified_time\" content=\"2020-04-23T07:09:40+00:00\" \/>\n<meta property=\"og:image\" content=\"https:\/\/www.oriolmorte.com\/wp-content\/uploads\/2016\/01\/logo_OM_black_translucent_background_340x156px.png\" \/>\n\t<meta property=\"og:image:width\" content=\"340\" \/>\n\t<meta property=\"og:image:height\" content=\"156\" \/>\n\t<meta property=\"og:image:type\" content=\"image\/png\" \/>\n<meta name=\"twitter:card\" content=\"summary_large_image\" \/>\n<meta name=\"twitter:site\" content=\"@oriolmorte\" \/>\n<script type=\"application\/ld+json\" class=\"yoast-schema-graph\">{\"@context\":\"https:\/\/schema.org\",\"@graph\":[{\"@type\":\"WebPage\",\"@id\":\"https:\/\/www.oriolmorte.com\/es\/retrato\/\",\"url\":\"https:\/\/www.oriolmorte.com\/es\/retrato\/\",\"name\":\"Retrato - Oriol Morte | Visuals\",\"isPartOf\":{\"@id\":\"https:\/\/www.oriolmorte.com\/es\/#website\"},\"datePublished\":\"2014-01-02T01:35:23+00:00\",\"dateModified\":\"2020-04-23T07:09:40+00:00\",\"description\":\"Galer\u00eda de fotos de retrato, modelos en estilo fashion, glamour, ba\u00f1ador, lencer\u00eda y casual\",\"breadcrumb\":{\"@id\":\"https:\/\/www.oriolmorte.com\/es\/retrato\/#breadcrumb\"},\"inLanguage\":\"es\",\"potentialAction\":[{\"@type\":\"ReadAction\",\"target\":[\"https:\/\/www.oriolmorte.com\/es\/retrato\/\"]}]},{\"@type\":\"BreadcrumbList\",\"@id\":\"https:\/\/www.oriolmorte.com\/es\/retrato\/#breadcrumb\",\"itemListElement\":[{\"@type\":\"ListItem\",\"position\":1,\"name\":\"Home\",\"item\":\"https:\/\/www.oriolmorte.com\/es\/\"},{\"@type\":\"ListItem\",\"position\":2,\"name\":\"Retrato\"}]},{\"@type\":\"WebSite\",\"@id\":\"https:\/\/www.oriolmorte.com\/es\/#website\",\"url\":\"https:\/\/www.oriolmorte.com\/es\/\",\"name\":\"Oriol Morte | Visuals\",\"description\":\"Photography\",\"publisher\":{\"@id\":\"https:\/\/www.oriolmorte.com\/es\/#\/schema\/person\/c939f3cb1e4f0e0d005eba682aa7f5a3\"},\"potentialAction\":[{\"@type\":\"SearchAction\",\"target\":{\"@type\":\"EntryPoint\",\"urlTemplate\":\"https:\/\/www.oriolmorte.com\/es\/?s={search_term_string}\"},\"query-input\":{\"@type\":\"PropertyValueSpecification\",\"valueRequired\":true,\"valueName\":\"search_term_string\"}}],\"inLanguage\":\"es\"},{\"@type\":[\"Person\",\"Organization\"],\"@id\":\"https:\/\/www.oriolmorte.com\/es\/#\/schema\/person\/c939f3cb1e4f0e0d005eba682aa7f5a3\",\"name\":\"Oriol Morte\",\"image\":{\"@type\":\"ImageObject\",\"inLanguage\":\"es\",\"@id\":\"https:\/\/www.oriolmorte.com\/es\/#\/schema\/person\/image\/\",\"url\":\"https:\/\/www.oriolmorte.com\/wp-content\/uploads\/2014\/03\/logo_OM_black_translucent_background.png\",\"contentUrl\":\"https:\/\/www.oriolmorte.com\/wp-content\/uploads\/2014\/03\/logo_OM_black_translucent_background.png\",\"width\":500,\"height\":500,\"caption\":\"Oriol Morte\"},\"logo\":{\"@id\":\"https:\/\/www.oriolmorte.com\/es\/#\/schema\/person\/image\/\"},\"description\":\"Photographer since 2002\"}]}<\/script>\n<!-- \/ Yoast SEO plugin. -->","yoast_head_json":{"title":"Retrato - Oriol Morte | Visuals","description":"Galer\u00eda de fotos de retrato, modelos en estilo fashion, glamour, ba\u00f1ador, lencer\u00eda y casual","robots":{"index":"index","follow":"follow","max-snippet":"max-snippet:-1","max-image-preview":"max-image-preview:large","max-video-preview":"max-video-preview:-1"},"canonical":"https:\/\/www.oriolmorte.com\/es\/retrato\/","og_locale":"es_ES","og_type":"article","og_title":"Retrato - Oriol Morte | Visuals","og_description":"Galer\u00eda de fotos de retrato, modelos en estilo fashion, glamour, ba\u00f1ador, lencer\u00eda y casual","og_url":"https:\/\/www.oriolmorte.com\/es\/retrato\/","og_site_name":"Oriol Morte | Visuals","article_modified_time":"2020-04-23T07:09:40+00:00","og_image":[{"width":340,"height":156,"url":"https:\/\/www.oriolmorte.com\/wp-content\/uploads\/2016\/01\/logo_OM_black_translucent_background_340x156px.png","type":"image\/png"}],"twitter_card":"summary_large_image","twitter_site":"@oriolmorte","schema":{"@context":"https:\/\/schema.org","@graph":[{"@type":"WebPage","@id":"https:\/\/www.oriolmorte.com\/es\/retrato\/","url":"https:\/\/www.oriolmorte.com\/es\/retrato\/","name":"Retrato - Oriol Morte | Visuals","isPartOf":{"@id":"https:\/\/www.oriolmorte.com\/es\/#website"},"datePublished":"2014-01-02T01:35:23+00:00","dateModified":"2020-04-23T07:09:40+00:00","description":"Galer\u00eda de fotos de retrato, modelos en estilo fashion, glamour, ba\u00f1ador, lencer\u00eda y casual","breadcrumb":{"@id":"https:\/\/www.oriolmorte.com\/es\/retrato\/#breadcrumb"},"inLanguage":"es","potentialAction":[{"@type":"ReadAction","target":["https:\/\/www.oriolmorte.com\/es\/retrato\/"]}]},{"@type":"BreadcrumbList","@id":"https:\/\/www.oriolmorte.com\/es\/retrato\/#breadcrumb","itemListElement":[{"@type":"ListItem","position":1,"name":"Home","item":"https:\/\/www.oriolmorte.com\/es\/"},{"@type":"ListItem","position":2,"name":"Retrato"}]},{"@type":"WebSite","@id":"https:\/\/www.oriolmorte.com\/es\/#website","url":"https:\/\/www.oriolmorte.com\/es\/","name":"Oriol Morte | Visuals","description":"Photography","publisher":{"@id":"https:\/\/www.oriolmorte.com\/es\/#\/schema\/person\/c939f3cb1e4f0e0d005eba682aa7f5a3"},"potentialAction":[{"@type":"SearchAction","target":{"@type":"EntryPoint","urlTemplate":"https:\/\/www.oriolmorte.com\/es\/?s={search_term_string}"},"query-input":{"@type":"PropertyValueSpecification","valueRequired":true,"valueName":"search_term_string"}}],"inLanguage":"es"},{"@type":["Person","Organization"],"@id":"https:\/\/www.oriolmorte.com\/es\/#\/schema\/person\/c939f3cb1e4f0e0d005eba682aa7f5a3","name":"Oriol Morte","image":{"@type":"ImageObject","inLanguage":"es","@id":"https:\/\/www.oriolmorte.com\/es\/#\/schema\/person\/image\/","url":"https:\/\/www.oriolmorte.com\/wp-content\/uploads\/2014\/03\/logo_OM_black_translucent_background.png","contentUrl":"https:\/\/www.oriolmorte.com\/wp-content\/uploads\/2014\/03\/logo_OM_black_translucent_background.png","width":500,"height":500,"caption":"Oriol Morte"},"logo":{"@id":"https:\/\/www.oriolmorte.com\/es\/#\/schema\/person\/image\/"},"description":"Photographer since 2002"}]}},"_links":{"self":[{"href":"https:\/\/www.oriolmorte.com\/es\/wp-json\/wp\/v2\/pages\/5558"}],"collection":[{"href":"https:\/\/www.oriolmorte.com\/es\/wp-json\/wp\/v2\/pages"}],"about":[{"href":"https:\/\/www.oriolmorte.com\/es\/wp-json\/wp\/v2\/types\/page"}],"author":[{"embeddable":true,"href":"https:\/\/www.oriolmorte.com\/es\/wp-json\/wp\/v2\/users\/1"}],"replies":[{"embeddable":true,"href":"https:\/\/www.oriolmorte.com\/es\/wp-json\/wp\/v2\/comments?post=5558"}],"version-history":[{"count":2,"href":"https:\/\/www.oriolmorte.com\/es\/wp-json\/wp\/v2\/pages\/5558\/revisions"}],"predecessor-version":[{"id":5609,"href":"https:\/\/www.oriolmorte.com\/es\/wp-json\/wp\/v2\/pages\/5558\/revisions\/5609"}],"wp:attachment":[{"href":"https:\/\/www.oriolmorte.com\/es\/wp-json\/wp\/v2\/media?parent=5558"}],"curies":[{"name":"wp","href":"https:\/\/api.w.org\/{rel}","templated":true}]}}