{"id":46487,"date":"2020-04-15T19:49:00","date_gmt":"2020-04-15T17:49:00","guid":{"rendered":"https:\/\/www.oriolmorte.com\/privacy-policy\/"},"modified":"2020-05-02T21:19:24","modified_gmt":"2020-05-02T19:19:24","slug":"politica-de-privacidad","status":"publish","type":"page","link":"https:\/\/www.oriolmorte.com\/es\/politica-de-privacidad\/","title":{"rendered":"Pol\u00edtica de Privacidad"},"content":{"rendered":"\n<h2 class=\"wp-block-heading\">Privacidad de datos<\/h2>\n\n\n\n<p>Esta Pol\u00edtica de privacidad incorpora informaci\u00f3n sobre c\u00f3mo Oriol Morte\/Sineraso SL recopila, usa, divulga y mantiene segura su informaci\u00f3n personal.<\/p>\n\n\n\n<h3 class=\"wp-block-heading\"> 1.- \u00bfC\u00f3mo procesamos los datos?<\/h3>\n\n\n\n<p> Para acceder y \/ o utilizar los servicios del sitio web de Oriol Morte, debe proporcionarnos algunos de sus datos personales. De conformidad con lo dispuesto en la Ley Org\u00e1nica 15\/1999 de Protecci\u00f3n de Datos Personales (LOPD), le informamos que los datos recopilados sobre su comportamiento de navegaci\u00f3n y compra se incorporar\u00e1n en un archivo registrado en la Agencia Espa\u00f1ola de Protecci\u00f3n de Datos, bajo la responsabilidad de Sineraso SL, con c\u00f3digo de identificaci\u00f3n fiscal (IVA) ESB64499122 y domicilio social en Aribau 170, 1r 2a 08036, Barcelona.<br>Oriol Morte\/Sineraso SL garantiza que se han tomado las medidas de seguridad adecuadas, como firewalls, tecnolog\u00edas de cifrado, contrase\u00f1as y software antivirus, para evitar el uso no autorizado de datos personales. Adem\u00e1s, Sineraso SL garantiza la confidencialidad de sus datos personales y se compromete a no transferirlos ni venderlos a terceros. En cualquier caso, Sineraso SL divulgar\u00e1 los datos personales y cualquier otra informaci\u00f3n bajo su custodia o accesible a trav\u00e9s de sus sistemas a las autoridades competentes si es necesario de conformidad con las disposiciones legales y reglamentarias aplicables.<\/p>\n\n\n\n<h3 class=\"wp-block-heading\"> 2.- \u00bfQui\u00e9n es responsable del archivo de datos?<\/h3>\n\n\n\n<p> La informaci\u00f3n proporcionada por usted a trav\u00e9s de nuestros formularios o los detalles proporcionados cuando realiza una compra se incluir\u00e1n en el archivo de datos bajo la custodia de Sineraso SL con el c\u00f3digo de identificaci\u00f3n fiscal (IVA) ESB64499122 y la direcci\u00f3n registrada en Aribau 170, 1r 2a 08036, Barcelona.<br> Si tiene alguna pregunta sobre el prop\u00f3sito de los datos que almacenamos, o su modificaci\u00f3n o eliminaci\u00f3n, puede comunicarse con el gerente de seguridad y protecci\u00f3n de datos en Sineraso SL, a la direcci\u00f3n de correo electr\u00f3nico: oriol [arroba] oriolmorte [punto] com.<\/p>\n\n\n\n<h3 class=\"wp-block-heading\"><br> 3.- \u00bfQu\u00e9 datos personales recopilamos y qu\u00e9 hacemos con ellos?<\/h3>\n\n\n\n<p>Para que pueda utilizar nuestro servicio de compras para comprar productos fotogr\u00e1ficos y otros servicios de la p\u00e1gina web de Oriol Morte, utilizamos algunos de sus datos personales, que obtenemos de diferentes maneras y en diferentes momentos:<\/p>\n\n\n\n<p> 3.a. Utilizaremos los Datos personales que nos proporcione cuando cree una cuenta de usuario: nombre, apellidos, contrase\u00f1a, direcci\u00f3n de correo electr\u00f3nico, n\u00famero de tel\u00e9fono y direcci\u00f3n postal.<\/p>\n\n\n\n<p> 3.b. Tambi\u00e9n utilizamos otra informaci\u00f3n sobre usted: la direcci\u00f3n IP desde la que est\u00e1 navegando, por motivos de seguridad y para garantizar que la tienda en l\u00ednea se muestre en el idioma adecuado para el \u00e1rea desde la que nos visita, y los productos y categor\u00edas en los que hace clic , con fines de an\u00e1lisis, para proporcionarle recomendaciones de productos y mejorar nuestra plataforma.<\/p>\n\n\n\n<p> 3.c. Por \u00faltimo, obtenemos informaci\u00f3n de varias redes sociales, que solo nos la proporcionar\u00e1n si previamente la ha aceptado en los t\u00e9rminos y condiciones correspondientes.<\/p>\n\n\n\n<h3 class=\"wp-block-heading\"> 4.- \u00bfPara qu\u00e9 utilizamos sus datos personales?<\/h3>\n\n\n\n<p>Usamos sus datos personales para los siguientes prop\u00f3sitos:<br> 4.a. Prestaci\u00f3n de servicios \u00b7 Gesti\u00f3n, creaci\u00f3n y \/ o modificaci\u00f3n de su cuenta de usuario. \u00b7 Para enviarle un correo electr\u00f3nico con el n\u00famero de seguimiento de su pedido. \u00b7 Para permitirle ver su historial de compras. \u00b7 Para permitirle acceder a las facturas de sus pedidos a trav\u00e9s de su correo electr\u00f3nico o su cuenta.<\/p>\n\n\n\n<p> 4.b. Fines de marketing \u00b7 Utilizamos sus datos para enviarle boletines relacionados con fotograf\u00eda y nuevos productos y ofertas de la p\u00e1gina web de Oriol Morte. \u00b7 Nunca le enviaremos correos electr\u00f3nicos de otras compa\u00f1\u00edas o productos que no est\u00e9n relacionados con Oriol Morte | Visuals. Recuerde que puede darse de baja de estos boletines en cualquier momento. Solo necesita iniciar sesi\u00f3n en su cuenta y cambiar sus preferencias o bien cancelar la suscripci\u00f3n desde el pie desde cualquiera de los correos electr\u00f3nicos del bolet\u00edn que haya recibido.<\/p>\n\n\n\n<p> 4.c. Para mejorar nuestros servicios \u00b7 Nos esforzamos continuamente por mejorar nuestra tienda en l\u00ednea y la experiencia de navegaci\u00f3n y compra desde computadoras y tel\u00e9fonos m\u00f3viles. Como explicamos brevemente en la secci\u00f3n 3.c., recopilamos algunos datos a medida que navega, lo que nos permite analizar comportamientos, tener un registro de cu\u00e1ntas veces la gente ha hecho clic en los art\u00edculos del blog, galer\u00edas de fotos o productos y poder proporcionarle recomendaciones de productos para realizar sus compras. Experiencia m\u00e1s personalizada y satisfactoria.<\/p>\n\n\n\n<h3 class=\"wp-block-heading\">5.- \u00bfDurante cu\u00e1nto tiempo utilizaremos sus datos personales?<\/h3>\n\n\n\n<p> El nuevo Reglamento de Protecci\u00f3n de Datos establece un per\u00edodo m\u00e1ximo para retener Datos Personales para cada uno de los fines para los que los utilizamos.<\/p>\n\n\n\n<p><br> 5.a. Entrega del servicio Usaremos sus Datos personales hasta que decida dejar de usar nuestros Servicios. Para esto debes eliminar tu cuenta de usuario. Siempre y cuando no se d\u00e9 de baja de nuestros Servicios, continuaremos procesando sus Datos personales.<br> 5.b. Fines de marketing Utilizaremos sus Datos personales para los fines de marketing descritos en la secci\u00f3n 4.b., siempre que haya aceptado recibir nuestros boletines. Dejaremos de usarlos cuando haya iniciado sesi\u00f3n en su cuenta y desmarque la casilla correspondiente para dejar de recibir nuestros boletines.<br> 5.c. Para mejorar nuestros servicios Usaremos sus datos personales hasta que decida dejar de usar nuestros servicios. Para esto debes eliminar tu cuenta de usuario. Mientras no se d\u00e9 de baja de nuestro Servicio, continuaremos procesando sus Datos personales.<\/p>\n\n\n\n<h3 class=\"wp-block-heading\"> 6.- \u00bfCompartiremos sus datos personales con terceros?<\/h3>\n\n\n\n<p> No compartiremos sus Datos personales con ninguna empresa con el objetivo de utilizar dichos datos para campa\u00f1as publicitarias y de marketing. Compartiremos sus datos en los casos en que compre un producto que no tenemos en nuestro centro de log\u00edstica, para que nuestro proveedor pueda enviar su pedido directamente desde su almac\u00e9n, as\u00ed como en los casos en que un problema de garant\u00eda lo haga necesario. Compartiremos sus datos con las empresas de log\u00edstica, ya que es necesario que los pedidos lleguen a su destino. Compartiremos sus datos (no sus datos personales, solo datos de navegaci\u00f3n) con las herramientas de an\u00e1lisis que utilizamos, como Google Analytics. Compartiremos sus datos (no sus datos personales, solo datos de navegaci\u00f3n) con las herramientas de marketing que utilizamos, como Google Adwords, Facebook Ads, Instagram Ads y Amazon Afiliados.<br>Puede consultar aqu\u00ed la <a href=\"https:\/\/policies.google.com\/privacy?hl=es\">Pol\u00edtica de privacidad de Google<\/a> y sus <a href=\"https:\/\/policies.google.com\/terms?hl=es\">T\u00e9rminos de servicio<\/a>.<\/p>\n\n\n\n<h3 class=\"wp-block-heading\">7.- \u00bfCu\u00e1les son sus derechos en materia de protecci\u00f3n de datos?<\/h3>\n\n\n\n<p>Como usuario del sitio web de Oriol Morte, tiene ciertos derechos que le permiten decidir y controlar en cualquier momento c\u00f3mo usamos sus Datos personales. Puede ejercer estos derechos en cualquier momento y debe hacerlo por correo electr\u00f3nico: oriol [arroba] oriolmorte [punto] com para que podamos responder a su consulta. Tienes los siguientes derechos:<\/p>\n\n\n\n<p><br> 7.a. Acceso y rectificaci\u00f3n Puede solicitarnos que le informemos si estamos utilizando sus Datos personales y qu\u00e9 datos tenemos sobre usted, para qu\u00e9 los estamos utilizando y durante cu\u00e1nto tiempo los conservaremos. Tambi\u00e9n puede solicitarnos que modifiquemos algunos de los datos que tenemos sobre usted para garantizar que est\u00e9n actualizados.<br> 7.b. Derecho de borrado (derecho a ser olvidado) Puede solicitarnos que borremos los Datos personales que tenemos sobre usted. Por ejemplo, si se da de baja de nuestro servicio eliminando su cuenta, ya no necesitaremos procesar sus Datos personales para ning\u00fan prop\u00f3sito.<br> 7.c. Derecho de oposici\u00f3n Tiene derecho a oponerse al uso de sus datos personales con el objetivo de enviarle boletines promocionales.<br> 7.d. Derecho de restricci\u00f3n Puede solicitarnos que restrinjamos temporalmente el procesamiento de sus Datos personales si no son correctos y necesitamos verificarlos. Adem\u00e1s, cuando ya no los necesitemos, pero prefiere que los conservemos para que pueda acceder a su historial de compras o facturas.<br> 7.e. Portabilidad Usted tiene derecho a la portabilidad de sus datos. Puede solicitarnos que le proporcionemos, siempre que sea t\u00e9cnicamente posible, un archivo estructurado, de uso compartido, que contenga informaci\u00f3n sobre los pedidos que ha realizado y los Datos personales que hemos almacenado sobre usted.<br> 7.f. Queja Puede presentar una queja sobre el uso que hacemos de sus datos personales poni\u00e9ndose en contacto con nuestro administrador de protecci\u00f3n de datos (en la secci\u00f3n 2 de esta Pol\u00edtica de privacidad). Sin embargo, tambi\u00e9n puede presentar una queja ante la autoridad supervisora \u200b\u200bcompetente en t\u00e9rminos de protecci\u00f3n de datos. En este caso, en Espa\u00f1a es: Agencia de Protecci\u00f3n de Datos: C \/ Jorge Juan 6, 28001 \u00b7 Madrid.<\/p>\n\n\n\n<h3 class=\"wp-block-heading\">8.- Actualizaci\u00f3n y modificaci\u00f3n<\/h3>\n\n\n\n<p>Sineraso SL se reserva el derecho de actualizar o modificar la informaci\u00f3n contenida en esta Pol\u00edtica de privacidad para adaptarse a posibles cambios en la legislaci\u00f3n, o por razones estrat\u00e9gicas.<\/p>\n\n\n\n<h3 class=\"wp-block-heading\"> 9.- Leyes y jurisdicci\u00f3n<\/h3>\n\n\n\n<p> Cualquier disputa se regir\u00e1 y conducir\u00e1 en todos los aspectos de acuerdo con las leyes de Espa\u00f1a. Todas las compras se rigen por la ley espa\u00f1ola del consumidor.<\/p>\n\n\n\n<h3 class=\"wp-block-heading\">10.- Afiliados<\/h3>\n\n\n\n<p> Oriolmorte.com trabaja con un programa de afiliados con Amazon [punto] com y Amazon [punto] es. El usuario encontrar\u00e1 enlaces de productos a este sitio web y no tendr\u00e1 ning\u00fan costo adicional por sus compras. El prop\u00f3sito con el que ejecuto este programa es para ayudar a mantener este sitio y seguir compartiendo todos los contenidos.<\/p>\n\n\n\n<h3 class=\"wp-block-heading\"> 11.- Informaci\u00f3n general sobre el cumplimiento de la Ley 34\/2002. LSSICE<\/h3>\n\n\n\n<p>Propiedad del sitio: Sineraso SL<br>Direcci\u00f3n: Aribau 170, 1r 2a 08036, Barcelona.<br>Contacto: oriol [arroba] oriolmorte [punto] com<br>Oriol Morte\/Sineraso SL considera que es un objetivo b\u00e1sico garantizar la privacidad y confidencialidad de la informaci\u00f3n personal recopilada de los usuarios a trav\u00e9s de cualquier sistema que permita la transmisi\u00f3n de datos. Por lo tanto, por la presente mostramos nuestro compromiso de cumplir con la legislaci\u00f3n vigente sobre este asunto en todo momento.<\/p>\n\n\n\n<div style=\"height:100px\" aria-hidden=\"true\" class=\"wp-block-spacer\"><\/div>\n","protected":false},"excerpt":{"rendered":"<p>Privacidad de datos Esta Pol\u00edtica de privacidad incorpora informaci\u00f3n sobre c\u00f3mo Oriol Morte\/Sineraso SL recopila, usa, divulga y mantiene segura su informaci\u00f3n personal. 1.- \u00bfC\u00f3mo procesamos los datos? Para acceder y \/ o utilizar los servicios del sitio web de Oriol Morte, debe proporcionarnos algunos de sus datos personales. De conformidad con lo dispuesto en la Ley Org\u00e1nica 15\/1999 de Protecci\u00f3n de Datos Personales (LOPD), le informamos que los datos recopilados sobre su comportamiento de navegaci\u00f3n y compra se incorporar\u00e1n [&hellip;]<\/p>\n","protected":false},"author":1,"featured_media":0,"parent":0,"menu_order":0,"comment_status":"closed","ping_status":"closed","template":"","meta":{"footnotes":""},"yoast_head":"<!-- This site is optimized with the Yoast SEO plugin v23.5 - https:\/\/yoast.com\/wordpress\/plugins\/seo\/ -->\n<title>Pol\u00edtica de Privacidad - Oriol Morte | Visuals<\/title>\n<meta name=\"description\" content=\"Pol\u00edtica de Privacidad y Legal del web Oriol Morte | Visuals. C\u00f3mo tratamos la informaci\u00f3n recogida, Cookies, Google Analytics, programa de Afiliados...\" \/>\n<meta name=\"robots\" content=\"index, follow, max-snippet:-1, max-image-preview:large, max-video-preview:-1\" \/>\n<link rel=\"canonical\" href=\"https:\/\/www.oriolmorte.com\/es\/politica-de-privacidad\/\" \/>\n<meta property=\"og:locale\" content=\"es_ES\" \/>\n<meta property=\"og:type\" content=\"article\" \/>\n<meta property=\"og:title\" content=\"Pol\u00edtica de Privacidad - Oriol Morte | Visuals\" \/>\n<meta property=\"og:description\" content=\"Pol\u00edtica de Privacidad y Legal del web Oriol Morte | Visuals. C\u00f3mo tratamos la informaci\u00f3n recogida, Cookies, Google Analytics, programa de Afiliados...\" \/>\n<meta property=\"og:url\" content=\"https:\/\/www.oriolmorte.com\/es\/politica-de-privacidad\/\" \/>\n<meta property=\"og:site_name\" content=\"Oriol Morte | Visuals\" \/>\n<meta property=\"article:modified_time\" content=\"2020-05-02T19:19:24+00:00\" \/>\n<meta property=\"og:image\" content=\"https:\/\/www.oriolmorte.com\/wp-content\/uploads\/2016\/01\/logo_OM_black_translucent_background_340x156px.png\" \/>\n\t<meta property=\"og:image:width\" content=\"340\" \/>\n\t<meta property=\"og:image:height\" content=\"156\" \/>\n\t<meta property=\"og:image:type\" content=\"image\/png\" \/>\n<meta name=\"twitter:card\" content=\"summary_large_image\" \/>\n<meta name=\"twitter:site\" content=\"@oriolmorte\" \/>\n<meta name=\"twitter:label1\" content=\"Tiempo de lectura\" \/>\n\t<meta name=\"twitter:data1\" content=\"8 minutos\" \/>\n<script type=\"application\/ld+json\" class=\"yoast-schema-graph\">{\"@context\":\"https:\/\/schema.org\",\"@graph\":[{\"@type\":\"WebPage\",\"@id\":\"https:\/\/www.oriolmorte.com\/es\/politica-de-privacidad\/\",\"url\":\"https:\/\/www.oriolmorte.com\/es\/politica-de-privacidad\/\",\"name\":\"Pol\u00edtica de Privacidad - Oriol Morte | Visuals\",\"isPartOf\":{\"@id\":\"https:\/\/www.oriolmorte.com\/es\/#website\"},\"datePublished\":\"2020-04-15T17:49:00+00:00\",\"dateModified\":\"2020-05-02T19:19:24+00:00\",\"description\":\"Pol\u00edtica de Privacidad y Legal del web Oriol Morte | Visuals. C\u00f3mo tratamos la informaci\u00f3n recogida, Cookies, Google Analytics, programa de Afiliados...\",\"breadcrumb\":{\"@id\":\"https:\/\/www.oriolmorte.com\/es\/politica-de-privacidad\/#breadcrumb\"},\"inLanguage\":\"es\",\"potentialAction\":[{\"@type\":\"ReadAction\",\"target\":[\"https:\/\/www.oriolmorte.com\/es\/politica-de-privacidad\/\"]}]},{\"@type\":\"BreadcrumbList\",\"@id\":\"https:\/\/www.oriolmorte.com\/es\/politica-de-privacidad\/#breadcrumb\",\"itemListElement\":[{\"@type\":\"ListItem\",\"position\":1,\"name\":\"Home\",\"item\":\"https:\/\/www.oriolmorte.com\/es\/\"},{\"@type\":\"ListItem\",\"position\":2,\"name\":\"Pol\u00edtica de Privacidad\"}]},{\"@type\":\"WebSite\",\"@id\":\"https:\/\/www.oriolmorte.com\/es\/#website\",\"url\":\"https:\/\/www.oriolmorte.com\/es\/\",\"name\":\"Oriol Morte | Visuals\",\"description\":\"Photography\",\"publisher\":{\"@id\":\"https:\/\/www.oriolmorte.com\/es\/#\/schema\/person\/c939f3cb1e4f0e0d005eba682aa7f5a3\"},\"potentialAction\":[{\"@type\":\"SearchAction\",\"target\":{\"@type\":\"EntryPoint\",\"urlTemplate\":\"https:\/\/www.oriolmorte.com\/es\/?s={search_term_string}\"},\"query-input\":{\"@type\":\"PropertyValueSpecification\",\"valueRequired\":true,\"valueName\":\"search_term_string\"}}],\"inLanguage\":\"es\"},{\"@type\":[\"Person\",\"Organization\"],\"@id\":\"https:\/\/www.oriolmorte.com\/es\/#\/schema\/person\/c939f3cb1e4f0e0d005eba682aa7f5a3\",\"name\":\"Oriol Morte\",\"image\":{\"@type\":\"ImageObject\",\"inLanguage\":\"es\",\"@id\":\"https:\/\/www.oriolmorte.com\/es\/#\/schema\/person\/image\/\",\"url\":\"https:\/\/www.oriolmorte.com\/wp-content\/uploads\/2014\/03\/logo_OM_black_translucent_background.png\",\"contentUrl\":\"https:\/\/www.oriolmorte.com\/wp-content\/uploads\/2014\/03\/logo_OM_black_translucent_background.png\",\"width\":500,\"height\":500,\"caption\":\"Oriol Morte\"},\"logo\":{\"@id\":\"https:\/\/www.oriolmorte.com\/es\/#\/schema\/person\/image\/\"},\"description\":\"Photographer since 2002\"}]}<\/script>\n<!-- \/ Yoast SEO plugin. -->","yoast_head_json":{"title":"Pol\u00edtica de Privacidad - Oriol Morte | Visuals","description":"Pol\u00edtica de Privacidad y Legal del web Oriol Morte | Visuals. C\u00f3mo tratamos la informaci\u00f3n recogida, Cookies, Google Analytics, programa de Afiliados...","robots":{"index":"index","follow":"follow","max-snippet":"max-snippet:-1","max-image-preview":"max-image-preview:large","max-video-preview":"max-video-preview:-1"},"canonical":"https:\/\/www.oriolmorte.com\/es\/politica-de-privacidad\/","og_locale":"es_ES","og_type":"article","og_title":"Pol\u00edtica de Privacidad - Oriol Morte | Visuals","og_description":"Pol\u00edtica de Privacidad y Legal del web Oriol Morte | Visuals. C\u00f3mo tratamos la informaci\u00f3n recogida, Cookies, Google Analytics, programa de Afiliados...","og_url":"https:\/\/www.oriolmorte.com\/es\/politica-de-privacidad\/","og_site_name":"Oriol Morte | Visuals","article_modified_time":"2020-05-02T19:19:24+00:00","og_image":[{"width":340,"height":156,"url":"https:\/\/www.oriolmorte.com\/wp-content\/uploads\/2016\/01\/logo_OM_black_translucent_background_340x156px.png","type":"image\/png"}],"twitter_card":"summary_large_image","twitter_site":"@oriolmorte","twitter_misc":{"Tiempo de lectura":"8 minutos"},"schema":{"@context":"https:\/\/schema.org","@graph":[{"@type":"WebPage","@id":"https:\/\/www.oriolmorte.com\/es\/politica-de-privacidad\/","url":"https:\/\/www.oriolmorte.com\/es\/politica-de-privacidad\/","name":"Pol\u00edtica de Privacidad - Oriol Morte | Visuals","isPartOf":{"@id":"https:\/\/www.oriolmorte.com\/es\/#website"},"datePublished":"2020-04-15T17:49:00+00:00","dateModified":"2020-05-02T19:19:24+00:00","description":"Pol\u00edtica de Privacidad y Legal del web Oriol Morte | Visuals. C\u00f3mo tratamos la informaci\u00f3n recogida, Cookies, Google Analytics, programa de Afiliados...","breadcrumb":{"@id":"https:\/\/www.oriolmorte.com\/es\/politica-de-privacidad\/#breadcrumb"},"inLanguage":"es","potentialAction":[{"@type":"ReadAction","target":["https:\/\/www.oriolmorte.com\/es\/politica-de-privacidad\/"]}]},{"@type":"BreadcrumbList","@id":"https:\/\/www.oriolmorte.com\/es\/politica-de-privacidad\/#breadcrumb","itemListElement":[{"@type":"ListItem","position":1,"name":"Home","item":"https:\/\/www.oriolmorte.com\/es\/"},{"@type":"ListItem","position":2,"name":"Pol\u00edtica de Privacidad"}]},{"@type":"WebSite","@id":"https:\/\/www.oriolmorte.com\/es\/#website","url":"https:\/\/www.oriolmorte.com\/es\/","name":"Oriol Morte | Visuals","description":"Photography","publisher":{"@id":"https:\/\/www.oriolmorte.com\/es\/#\/schema\/person\/c939f3cb1e4f0e0d005eba682aa7f5a3"},"potentialAction":[{"@type":"SearchAction","target":{"@type":"EntryPoint","urlTemplate":"https:\/\/www.oriolmorte.com\/es\/?s={search_term_string}"},"query-input":{"@type":"PropertyValueSpecification","valueRequired":true,"valueName":"search_term_string"}}],"inLanguage":"es"},{"@type":["Person","Organization"],"@id":"https:\/\/www.oriolmorte.com\/es\/#\/schema\/person\/c939f3cb1e4f0e0d005eba682aa7f5a3","name":"Oriol Morte","image":{"@type":"ImageObject","inLanguage":"es","@id":"https:\/\/www.oriolmorte.com\/es\/#\/schema\/person\/image\/","url":"https:\/\/www.oriolmorte.com\/wp-content\/uploads\/2014\/03\/logo_OM_black_translucent_background.png","contentUrl":"https:\/\/www.oriolmorte.com\/wp-content\/uploads\/2014\/03\/logo_OM_black_translucent_background.png","width":500,"height":500,"caption":"Oriol Morte"},"logo":{"@id":"https:\/\/www.oriolmorte.com\/es\/#\/schema\/person\/image\/"},"description":"Photographer since 2002"}]}},"_links":{"self":[{"href":"https:\/\/www.oriolmorte.com\/es\/wp-json\/wp\/v2\/pages\/46487"}],"collection":[{"href":"https:\/\/www.oriolmorte.com\/es\/wp-json\/wp\/v2\/pages"}],"about":[{"href":"https:\/\/www.oriolmorte.com\/es\/wp-json\/wp\/v2\/types\/page"}],"author":[{"embeddable":true,"href":"https:\/\/www.oriolmorte.com\/es\/wp-json\/wp\/v2\/users\/1"}],"replies":[{"embeddable":true,"href":"https:\/\/www.oriolmorte.com\/es\/wp-json\/wp\/v2\/comments?post=46487"}],"version-history":[{"count":5,"href":"https:\/\/www.oriolmorte.com\/es\/wp-json\/wp\/v2\/pages\/46487\/revisions"}],"predecessor-version":[{"id":49046,"href":"https:\/\/www.oriolmorte.com\/es\/wp-json\/wp\/v2\/pages\/46487\/revisions\/49046"}],"wp:attachment":[{"href":"https:\/\/www.oriolmorte.com\/es\/wp-json\/wp\/v2\/media?parent=46487"}],"curies":[{"name":"wp","href":"https:\/\/api.w.org\/{rel}","templated":true}]}}