{"id":46485,"date":"2020-04-15T19:49:00","date_gmt":"2020-04-15T17:49:00","guid":{"rendered":"https:\/\/www.oriolmorte.com\/privacy-policy\/"},"modified":"2024-03-18T11:37:50","modified_gmt":"2024-03-18T10:37:50","slug":"politica-de-privacitat","status":"publish","type":"page","link":"https:\/\/www.oriolmorte.com\/ca\/politica-de-privacitat\/","title":{"rendered":"Pol\u00edtica de Privacitat"},"content":{"rendered":"\n<h2 class=\"wp-block-heading\">Privacitat de dades<\/h2>\n\n\n\n<p>Aquesta Pol\u00edtica de privacitat incorpora informaci\u00f3 sobre com Oriol Morte Photography recopila, utilitza, divulga i mant\u00e9 segura la seva informaci\u00f3 personal.<\/p>\n\n\n\n<h3 class=\"wp-block-heading\">1.- Com processem les dades?<\/h3>\n\n\n\n<p>Per accedir i \/ o utilitzar els serveis d\u2019Oriol Morte, ha de proporcionar-nos algunes de les seves dades personals. De conformitat amb el que disposa la Llei Org\u00e0nica 15\/1999 de Protecci\u00f3 de Dades Personals (LOPD), l\u2019informem que les dades recopilades sobre el seu comportament de navegaci\u00f3 i compra s\u2019incorporaran en un fitxer registrat en l\u2019Ag\u00e8ncia Espanyola de Protecci\u00f3 de Dades, sota la responsabilitat d\u2019Oriol Morte, amb codi d\u2019identificaci\u00f3 fiscal (IVA) ES47728914G i domicili social a Ronda Guinard\u00f3 3, 6e 3a, 08024, Barcelona.<br>Oriol Morte garanteix que s\u2019han pres les mesures de seguretat adequades tals com tallafocs, tecnologies de xifrat, contrasenyes i programari antivirus per evitar l\u2019\u00fas no autoritzat de dades personals. A m\u00e9s, Oriol Morte garanteix la confidencialitat de les seves dades personals i es compromet a no transferir-les ni vendre a tercers. En qualsevol cas, Oriol Morte divulgar\u00e0 les dades personals i qualsevol altra informaci\u00f3 sota la seva cust\u00f2dia o accessible a trav\u00e9s dels seus sistemes a les autoritats competents si \u00e9s necessari de conformitat amb les disposicions legals i reglament\u00e0ries aplicables.<\/p>\n\n\n\n<h3 class=\"wp-block-heading\">2.- Qui \u00e9s responsable de l\u2019arxiu de dades?<\/h3>\n\n\n\n<p>La informaci\u00f3 proporcionada per vost\u00e8 a trav\u00e9s dels nostres formularis o els detalls proporcionats quan realitza una compra s\u2019inclouran en el fitxer de dades sota la cust\u00f2dia d\u2019Oriol Morte amb el codi d\u2019identificaci\u00f3 fiscal (IVA) ES47728914G i l\u2019adre\u00e7a registrada a Ronda Guinard\u00f3 3, 6e 3a, 08024, Barcelona.<br> Si t\u00e9 alguna pregunta sobre el prop\u00f2sit de les dades que emmagatzemem, o la seva modificaci\u00f3 o eliminaci\u00f3, pot comunicar-se amb el gerent de seguretat i protecci\u00f3 de dades en Oriol Morte, a l\u2019adre\u00e7a de correu electr\u00f2nic: oriol [arroba] oriolmorte [punt] com .<\/p>\n\n\n\n<h3 class=\"wp-block-heading\">3.- Quines dades personals recollim i qu\u00e8 fem amb ells?<\/h3>\n\n\n\n<p>Perqu\u00e8 pugui utilitzar el nostre servei de compres per comprar productes fotogr\u00e0fics i altres serveis d\u2019Oriol Morte, utilitzem alguns dels seus dades personals, que obtenim de diferents maneres i en diferents moments:<\/p>\n\n\n\n<p>3.a. Utilitzarem les Dades personals que ens proporcioni quan creu un compte d\u2019usuari: nom, cognoms, contrasenya, adre\u00e7a de correu electr\u00f2nic, n\u00famero de tel\u00e8fon i adre\u00e7a postal.<\/p>\n\n\n\n<p>3.b. Tamb\u00e9 utilitzem una altra informaci\u00f3 sobre vost\u00e8: l\u2019adre\u00e7a IP des de la qual est\u00e0 navegant, per motius de seguretat i per garantir que la botiga en l\u00ednia es mostri en l\u2019idioma adequat per a l\u2019\u00e0rea des de la qual ens visita, i els productes i categories en els que fa clic, amb fins d\u2019an\u00e0lisi, per proporcionar-recomanacions de productes i millorar la nostra plataforma.<\/p>\n\n\n\n<p>3.c. Finalment, obtenim informaci\u00f3 de diverses xarxes socials, que nom\u00e9s ens la proporcionaran si pr\u00e8viament l\u2019ha acceptat en els termes i condicions corresponents.<\/p>\n\n\n\n<h3 class=\"wp-block-heading\">4.- Per a qu\u00e8 utilitzem les seves dades personals?<\/h3>\n\n\n\n<p>Fem servir les seves dades personals per als seg\u00fcents prop\u00f2sits:<br>\n4.a. Prestaci\u00f3 de serveis \u00b7 Gesti\u00f3, creaci\u00f3 i \/ o modificaci\u00f3 del seu compte d\u2019usuari. \u00b7 Per enviar-li un correu electr\u00f2nic amb el n\u00famero de seguiment de la seva comanda. \u00b7 Per permetre veure el seu historial de compres. \u00b7 Per permetre-li accedir a les factures de les seves comandes a trav\u00e9s del seu correu electr\u00f2nic o el seu compte.<\/p>\n\n\n\n<p>4.b. Caps de m\u00e0rqueting \u00b7 Utilitzem les seves dades per enviar-butlletins relacionats amb fotografia i nous productes i ofertes d\u2019Oriol Morte. \u00b7 Mai li enviarem correus electr\u00f2nics d\u2019altres companyies o productes que no estiguin relacionats amb Oriol Morte | Visuals. Recordi que pot donar-se de baixa d\u2019aquests butlletins en qualsevol moment. Nom\u00e9s necessita registrar-vos al compte i canviar les seves prefer\u00e8ncies o b\u00e9 cancel\u00b7lar la subscripci\u00f3 des del peu des de qualsevol dels correus electr\u00f2nics de la butlleta que hagi rebut.<\/p>\n\n\n\n<p>4.c. Per millorar els nostres serveis \u00b7 Ens esforcem cont\u00ednuament per millorar la nostra botiga en l\u00ednia i l\u2019experi\u00e8ncia de navegaci\u00f3 i compra des ordinadors i tel\u00e8fons m\u00f2bils. Com vam explicar breument en la secci\u00f3 3.c., recopilem algunes dades a mesura que navega, el que ens permet analitzar comportaments, tenir un registre de quantes vegades la gent ha fet clic en els articles de l\u2019bloc, galeries de fotos o productes i poder proporcionar recomanacions de productes per realitzar les seves compres. Experi\u00e8ncia m\u00e9s personalitzada i satisfact\u00f2ria.<\/p>\n\n\n\n<h3 class=\"wp-block-heading\">5.- Durant quant de temps utilitzarem les seves dades personals?<\/h3>\n\n\n\n<p>El nou Reglament de Protecci\u00f3 de Dades estableix un per\u00edode m\u00e0xim per retenir Dades Personals per a cada un dels fins per als quals els utilitzem.<\/p>\n\n\n\n<p>5.a. Lliurament de el servei Usarem les seves Dades personals fins que decideixi deixar d\u2019utilitzar els nostres Serveis. Per aix\u00f2 has de eliminar el teu compte d\u2019usuari. Sempre i quan no es doni de baixa dels nostres Serveis, continuarem processant les seves Dades personals.<br>\n5.b. Caps de m\u00e0rqueting Utilitzarem les seves Dades personals per a les finalitats de m\u00e0rqueting descrits en la secci\u00f3 4.b., sempre que hagi acceptat rebre els nostres butlletins. Deixarem d\u2019usar-los quan s\u2019hagi iniciat la sessi\u00f3 al compte i desmarqueu la casella corresponent per deixar de rebre els nostres butlletins.<br>\n5.c. Per millorar els nostres serveis Farem servir les seves dades personals fins que decideixi deixar d\u2019utilitzar els nostres serveis. Per aix\u00f2 has de eliminar el teu compte d\u2019usuari. Mentre no es doni de baixa del nostre servei, continuarem processant les seves Dades personals.<\/p>\n\n\n\n<h3 class=\"wp-block-heading\">6.- Compartirem les seves dades personals amb tercers?<\/h3>\n\n\n\n<p>No compartirem les seves dades personals amb cap empresa amb l\u2019objectiu d\u2019utilitzar aquestes dades per campanyes publicit\u00e0ries i de m\u00e0rqueting. Compartirem les seves dades en els casos en qu\u00e8 compri un producte que no tenim al nostre centre de log\u00edstica, perqu\u00e8 el nostre prove\u00efdor pugui enviar la seva comanda directament des del seu magatzem, aix\u00ed com en els casos en qu\u00e8 un problema de garantia ho faci necessari. Compartirem les seves dades amb les empreses de log\u00edstica, ja que \u00e9s necessari que les comandes arribin al seu dest\u00ed. Compartirem les seves dades (no les seves dades personals, nom\u00e9s dades de navegaci\u00f3) amb les eines d\u2019an\u00e0lisi que fem servir, com Google Analytics. Compartirem les seves dades (no les seves dades personals, nom\u00e9s dades de navegaci\u00f3) amb les eines de m\u00e0rqueting que utilitzem, com Google Adwords, Facebook Ads, Amazon Afiliats.<br>\nPodeu consultar aqu\u00ed la Pol\u00edtica de privadesa de Google i els seus Termes de servei.<\/p>\n\n\n\n<h3 class=\"wp-block-heading\">7.- Quins s\u00f3n els seus drets en mat\u00e8ria de protecci\u00f3 de dades?<\/h3>\n\n\n\n<p>Com a usuari de la p\u00e0gina web d\u2019Oriol Morte, t\u00e9 certs drets que li permeten decidir i controlar en qualsevol moment com fem servir les seves dades personals. Pot exercir aquests drets en qualsevol moment i ha de fer-ho per correu electr\u00f2nic: oriol [arroba] oriolmorte [punt] com perqu\u00e8 respondrem a la seva consulta. Tens els seg\u00fcents drets:<\/p>\n\n\n\n<p>7.a. Acc\u00e9s i rectificaci\u00f3 Pot sol\u00b7licitar que li informem si estem utilitzant les seves Dades personals i quines dades tenim sobre vost\u00e8, per qu\u00e8 els estem utilitzant i durant quant de temps els conservarem. Tamb\u00e9 pot sol\u00b7licitar-nos que modifiquem algunes de les dades que tenim sobre vost\u00e8 per garantir que estiguin actualitzats.<br>\n7.B. Dret d\u2019esborrat (dret a ser oblidat) Pot sol\u00b7licitar que esborrem les Dades personals que tenim sobre vost\u00e8. Per exemple, si es d\u00f3na de baixa del nostre servei eliminant seu compte, ja no necessitarem processar les seves Dades personals per a cap prop\u00f2sit.<br>\n7.c. Dret d\u2019oposici\u00f3 T\u00e9 dret a oposar-se a l\u2019\u00fas de les seves dades personals amb l\u2019objectiu d\u2019enviar-li butlletins promocionals.<br>\n7.d. Dret de restricci\u00f3 Pot sol\u00b7licitar-nos que restringim temporalment el processament de les seves Dades personals si no s\u00f3n correctes i necessitem verificar-los. A m\u00e9s, quan ja no els necessitem, per\u00f2 prefereix que els conservem perqu\u00e8 pugui accedir al seu historial de compres o factures.<br>\n7.E.Per Portabilitat Vost\u00e8 t\u00e9 dret a la portabilitat de les seves dades. Pot sol\u00b7licitar-nos que li proporcionem, sempre que sigui t\u00e8cnicament possible, un arxiu estructurat, d\u2019\u00fas compartit, que contingui informaci\u00f3 sobre les comandes que ha realitzat i les dades personals que hem emmagatzemat sobre vost\u00e8.<br>\n7.f. Queixa Pot presentar una queixa sobre l\u2019\u00fas que fem de les seves dades personals posant-se en contacte amb el nostre administrador de protecci\u00f3 de dades (a la secci\u00f3 2 d\u2019aquesta Pol\u00edtica de privacitat). No obstant aix\u00f2, tamb\u00e9 pot presentar una queixa davant l\u2019autoritat supervisora \u200b\u200bcompetent en termes de protecci\u00f3 de dades. En aquest cas, a Espanya \u00e9s: Ag\u00e8ncia de Protecci\u00f3 de Dades: C \/ Jorge Juan 6, 28001 \u00b7 Madrid.<\/p>\n\n\n\n<h3 class=\"wp-block-heading\">8.- Actualitzaci\u00f3 i modificaci\u00f3<\/h3>\n\n\n\n<p>Oriol Morte es reserva el dret d\u2019actualitzar o modificar la informaci\u00f3 continguda en aquesta Pol\u00edtica de privacitat per adaptar-se a possibles canvis en la legislaci\u00f3, o per raons estrat\u00e8giques.<\/p>\n\n\n\n<h3 class=\"wp-block-heading\">9.- Lleis i jurisdicci\u00f3<\/h3>\n\n\n\n<p>Qualsevol disputa es regir\u00e0 i conduir\u00e0 en tots els aspectes d\u2019acord amb les lleis d\u2019Espanya. Totes les compres es regeixen per la llei espanyola de consumidor.<\/p>\n\n\n\n<h3 class=\"wp-block-heading\">10.- afiliats<\/h3>\n\n\n\n<p>Oriolmorte.com treballa amb un programa d\u2019afiliats amb Amazon [punt] com i Amazon [punt] \u00e9s. L\u2019usuari trobar\u00e0 enlla\u00e7os de productes a aquest lloc web i no tindr\u00e0 cap cost addicional per les seves compres. El prop\u00f2sit amb el qual va executar aquest programa \u00e9s per ajudar a mantenir aquest lloc i continuar tots els continguts.<\/p>\n\n\n\n<h3 class=\"wp-block-heading\">11.- Informaci\u00f3 general sobre el compliment de la Llei 34\/2002. LSSICE<\/h3>\n\n\n\n<p>Propietat de el lloc: Oriol Morte Direcci\u00f3: Ronda Guinard\u00f3 3, 6e 3a, 08024, Barcelona. Contacte: oriol [arroba] oriolmorte [punt] com<br>\nOriol Morte Photography considera que \u00e9s un objectiu b\u00e0sic garantir la privacitat i confidencialitat de la informaci\u00f3 personal recopilada dels usuaris a trav\u00e9s de qualsevol sistema que permeti la transmissi\u00f3 de dades. Per tant, per la present mostrem el nostre comprom\u00eds de complir amb la legislaci\u00f3 vigent sobre aquest assumpte en tot moment.<\/p>\n","protected":false},"excerpt":{"rendered":"<p>Privacitat de dades Aquesta Pol\u00edtica de privacitat incorpora informaci\u00f3 sobre com Oriol Morte Photography recopila, utilitza, divulga i mant\u00e9 segura la seva informaci\u00f3 personal. 1.- Com processem les dades? Per accedir i \/ o utilitzar els serveis d\u2019Oriol Morte, ha de proporcionar-nos algunes de les seves dades personals. De conformitat amb el que disposa la Llei Org\u00e0nica 15\/1999 de Protecci\u00f3 de Dades Personals (LOPD), l\u2019informem que les dades recopilades sobre el seu comportament de navegaci\u00f3 i compra s\u2019incorporaran en un [&hellip;]<\/p>\n","protected":false},"author":1,"featured_media":0,"parent":0,"menu_order":0,"comment_status":"closed","ping_status":"closed","template":"","meta":{"footnotes":""},"yoast_head":"<!-- This site is optimized with the Yoast SEO plugin v23.5 - https:\/\/yoast.com\/wordpress\/plugins\/seo\/ -->\n<title>Pol\u00edtica de Privacitat - Oriol Morte | Visuals<\/title>\n<meta name=\"description\" content=\"Pol\u00edtica de Privacitat i Termes del web Oriol Morte | Visuals. Sobre como tractem l&#039;informaci\u00f3 recollida, Cookies, Google Analytics, programa d&#039;Afiliados...\" \/>\n<meta name=\"robots\" content=\"index, follow, max-snippet:-1, max-image-preview:large, max-video-preview:-1\" \/>\n<link rel=\"canonical\" href=\"https:\/\/www.oriolmorte.com\/ca\/politica-de-privacitat\/\" \/>\n<meta property=\"og:locale\" content=\"ca_ES\" \/>\n<meta property=\"og:type\" content=\"article\" \/>\n<meta property=\"og:title\" content=\"Pol\u00edtica de Privacitat - Oriol Morte | Visuals\" \/>\n<meta property=\"og:description\" content=\"Pol\u00edtica de Privacitat i Termes del web Oriol Morte | Visuals. Sobre como tractem l&#039;informaci\u00f3 recollida, Cookies, Google Analytics, programa d&#039;Afiliados...\" \/>\n<meta property=\"og:url\" content=\"https:\/\/www.oriolmorte.com\/ca\/politica-de-privacitat\/\" \/>\n<meta property=\"og:site_name\" content=\"Oriol Morte | Visuals\" \/>\n<meta property=\"article:modified_time\" content=\"2024-03-18T10:37:50+00:00\" \/>\n<meta property=\"og:image\" content=\"https:\/\/www.oriolmorte.com\/wp-content\/uploads\/2016\/01\/logo_OM_black_translucent_background_340x156px.png\" \/>\n\t<meta property=\"og:image:width\" content=\"340\" \/>\n\t<meta property=\"og:image:height\" content=\"156\" \/>\n\t<meta property=\"og:image:type\" content=\"image\/png\" \/>\n<meta name=\"twitter:card\" content=\"summary_large_image\" \/>\n<meta name=\"twitter:site\" content=\"@oriolmorte\" \/>\n<meta name=\"twitter:label1\" content=\"Temps estimat de lectura\" \/>\n\t<meta name=\"twitter:data1\" content=\"7 minuts\" \/>\n<script type=\"application\/ld+json\" class=\"yoast-schema-graph\">{\"@context\":\"https:\/\/schema.org\",\"@graph\":[{\"@type\":\"WebPage\",\"@id\":\"https:\/\/www.oriolmorte.com\/ca\/politica-de-privacitat\/\",\"url\":\"https:\/\/www.oriolmorte.com\/ca\/politica-de-privacitat\/\",\"name\":\"Pol\u00edtica de Privacitat - Oriol Morte | Visuals\",\"isPartOf\":{\"@id\":\"https:\/\/www.oriolmorte.com\/ca\/#website\"},\"datePublished\":\"2020-04-15T17:49:00+00:00\",\"dateModified\":\"2024-03-18T10:37:50+00:00\",\"description\":\"Pol\u00edtica de Privacitat i Termes del web Oriol Morte | Visuals. Sobre como tractem l'informaci\u00f3 recollida, Cookies, Google Analytics, programa d'Afiliados...\",\"breadcrumb\":{\"@id\":\"https:\/\/www.oriolmorte.com\/ca\/politica-de-privacitat\/#breadcrumb\"},\"inLanguage\":\"ca\",\"potentialAction\":[{\"@type\":\"ReadAction\",\"target\":[\"https:\/\/www.oriolmorte.com\/ca\/politica-de-privacitat\/\"]}]},{\"@type\":\"BreadcrumbList\",\"@id\":\"https:\/\/www.oriolmorte.com\/ca\/politica-de-privacitat\/#breadcrumb\",\"itemListElement\":[{\"@type\":\"ListItem\",\"position\":1,\"name\":\"Home\",\"item\":\"https:\/\/www.oriolmorte.com\/ca\/\"},{\"@type\":\"ListItem\",\"position\":2,\"name\":\"Pol\u00edtica de Privacitat\"}]},{\"@type\":\"WebSite\",\"@id\":\"https:\/\/www.oriolmorte.com\/ca\/#website\",\"url\":\"https:\/\/www.oriolmorte.com\/ca\/\",\"name\":\"Oriol Morte | Visuals\",\"description\":\"Photography\",\"publisher\":{\"@id\":\"https:\/\/www.oriolmorte.com\/ca\/#\/schema\/person\/c939f3cb1e4f0e0d005eba682aa7f5a3\"},\"potentialAction\":[{\"@type\":\"SearchAction\",\"target\":{\"@type\":\"EntryPoint\",\"urlTemplate\":\"https:\/\/www.oriolmorte.com\/ca\/?s={search_term_string}\"},\"query-input\":{\"@type\":\"PropertyValueSpecification\",\"valueRequired\":true,\"valueName\":\"search_term_string\"}}],\"inLanguage\":\"ca\"},{\"@type\":[\"Person\",\"Organization\"],\"@id\":\"https:\/\/www.oriolmorte.com\/ca\/#\/schema\/person\/c939f3cb1e4f0e0d005eba682aa7f5a3\",\"name\":\"Oriol Morte\",\"image\":{\"@type\":\"ImageObject\",\"inLanguage\":\"ca\",\"@id\":\"https:\/\/www.oriolmorte.com\/ca\/#\/schema\/person\/image\/\",\"url\":\"https:\/\/www.oriolmorte.com\/wp-content\/uploads\/2014\/03\/logo_OM_black_translucent_background.png\",\"contentUrl\":\"https:\/\/www.oriolmorte.com\/wp-content\/uploads\/2014\/03\/logo_OM_black_translucent_background.png\",\"width\":500,\"height\":500,\"caption\":\"Oriol Morte\"},\"logo\":{\"@id\":\"https:\/\/www.oriolmorte.com\/ca\/#\/schema\/person\/image\/\"},\"description\":\"Photographer since 2002\"}]}<\/script>\n<!-- \/ Yoast SEO plugin. -->","yoast_head_json":{"title":"Pol\u00edtica de Privacitat - Oriol Morte | Visuals","description":"Pol\u00edtica de Privacitat i Termes del web Oriol Morte | Visuals. Sobre como tractem l'informaci\u00f3 recollida, Cookies, Google Analytics, programa d'Afiliados...","robots":{"index":"index","follow":"follow","max-snippet":"max-snippet:-1","max-image-preview":"max-image-preview:large","max-video-preview":"max-video-preview:-1"},"canonical":"https:\/\/www.oriolmorte.com\/ca\/politica-de-privacitat\/","og_locale":"ca_ES","og_type":"article","og_title":"Pol\u00edtica de Privacitat - Oriol Morte | Visuals","og_description":"Pol\u00edtica de Privacitat i Termes del web Oriol Morte | Visuals. Sobre como tractem l'informaci\u00f3 recollida, Cookies, Google Analytics, programa d'Afiliados...","og_url":"https:\/\/www.oriolmorte.com\/ca\/politica-de-privacitat\/","og_site_name":"Oriol Morte | Visuals","article_modified_time":"2024-03-18T10:37:50+00:00","og_image":[{"width":340,"height":156,"url":"https:\/\/www.oriolmorte.com\/wp-content\/uploads\/2016\/01\/logo_OM_black_translucent_background_340x156px.png","type":"image\/png"}],"twitter_card":"summary_large_image","twitter_site":"@oriolmorte","twitter_misc":{"Temps estimat de lectura":"7 minuts"},"schema":{"@context":"https:\/\/schema.org","@graph":[{"@type":"WebPage","@id":"https:\/\/www.oriolmorte.com\/ca\/politica-de-privacitat\/","url":"https:\/\/www.oriolmorte.com\/ca\/politica-de-privacitat\/","name":"Pol\u00edtica de Privacitat - Oriol Morte | Visuals","isPartOf":{"@id":"https:\/\/www.oriolmorte.com\/ca\/#website"},"datePublished":"2020-04-15T17:49:00+00:00","dateModified":"2024-03-18T10:37:50+00:00","description":"Pol\u00edtica de Privacitat i Termes del web Oriol Morte | Visuals. Sobre como tractem l'informaci\u00f3 recollida, Cookies, Google Analytics, programa d'Afiliados...","breadcrumb":{"@id":"https:\/\/www.oriolmorte.com\/ca\/politica-de-privacitat\/#breadcrumb"},"inLanguage":"ca","potentialAction":[{"@type":"ReadAction","target":["https:\/\/www.oriolmorte.com\/ca\/politica-de-privacitat\/"]}]},{"@type":"BreadcrumbList","@id":"https:\/\/www.oriolmorte.com\/ca\/politica-de-privacitat\/#breadcrumb","itemListElement":[{"@type":"ListItem","position":1,"name":"Home","item":"https:\/\/www.oriolmorte.com\/ca\/"},{"@type":"ListItem","position":2,"name":"Pol\u00edtica de Privacitat"}]},{"@type":"WebSite","@id":"https:\/\/www.oriolmorte.com\/ca\/#website","url":"https:\/\/www.oriolmorte.com\/ca\/","name":"Oriol Morte | Visuals","description":"Photography","publisher":{"@id":"https:\/\/www.oriolmorte.com\/ca\/#\/schema\/person\/c939f3cb1e4f0e0d005eba682aa7f5a3"},"potentialAction":[{"@type":"SearchAction","target":{"@type":"EntryPoint","urlTemplate":"https:\/\/www.oriolmorte.com\/ca\/?s={search_term_string}"},"query-input":{"@type":"PropertyValueSpecification","valueRequired":true,"valueName":"search_term_string"}}],"inLanguage":"ca"},{"@type":["Person","Organization"],"@id":"https:\/\/www.oriolmorte.com\/ca\/#\/schema\/person\/c939f3cb1e4f0e0d005eba682aa7f5a3","name":"Oriol Morte","image":{"@type":"ImageObject","inLanguage":"ca","@id":"https:\/\/www.oriolmorte.com\/ca\/#\/schema\/person\/image\/","url":"https:\/\/www.oriolmorte.com\/wp-content\/uploads\/2014\/03\/logo_OM_black_translucent_background.png","contentUrl":"https:\/\/www.oriolmorte.com\/wp-content\/uploads\/2014\/03\/logo_OM_black_translucent_background.png","width":500,"height":500,"caption":"Oriol Morte"},"logo":{"@id":"https:\/\/www.oriolmorte.com\/ca\/#\/schema\/person\/image\/"},"description":"Photographer since 2002"}]}},"_links":{"self":[{"href":"https:\/\/www.oriolmorte.com\/ca\/wp-json\/wp\/v2\/pages\/46485"}],"collection":[{"href":"https:\/\/www.oriolmorte.com\/ca\/wp-json\/wp\/v2\/pages"}],"about":[{"href":"https:\/\/www.oriolmorte.com\/ca\/wp-json\/wp\/v2\/types\/page"}],"author":[{"embeddable":true,"href":"https:\/\/www.oriolmorte.com\/ca\/wp-json\/wp\/v2\/users\/1"}],"replies":[{"embeddable":true,"href":"https:\/\/www.oriolmorte.com\/ca\/wp-json\/wp\/v2\/comments?post=46485"}],"version-history":[{"count":4,"href":"https:\/\/www.oriolmorte.com\/ca\/wp-json\/wp\/v2\/pages\/46485\/revisions"}],"predecessor-version":[{"id":46499,"href":"https:\/\/www.oriolmorte.com\/ca\/wp-json\/wp\/v2\/pages\/46485\/revisions\/46499"}],"wp:attachment":[{"href":"https:\/\/www.oriolmorte.com\/ca\/wp-json\/wp\/v2\/media?parent=46485"}],"curies":[{"name":"wp","href":"https:\/\/api.w.org\/{rel}","templated":true}]}}