{"id":46368,"date":"2013-10-29T10:16:21","date_gmt":"2013-10-29T09:16:21","guid":{"rendered":"https:\/\/www.oriolmorte.com\/home\/"},"modified":"2024-03-18T11:30:20","modified_gmt":"2024-03-18T10:30:20","slug":"home","status":"publish","type":"page","link":"https:\/\/www.oriolmorte.com\/ca\/","title":{"rendered":"Inici"},"content":{"rendered":"\t\t<div data-elementor-type=\"wp-page\" data-elementor-id=\"46368\" class=\"elementor elementor-46368 elementor-2\" data-elementor-post-type=\"page\">\n\t\t\t\t\t\t<section class=\"elementor-section elementor-top-section elementor-element elementor-element-732e2535 elementor-section-full_width elementor-section-height-min-height elementor-section-items-stretch elementor-section-content-middle elementor-section-height-default\" data-id=\"732e2535\" data-element_type=\"section\" data-settings=\"{&quot;background_background&quot;:&quot;classic&quot;}\">\n\t\t\t\t\t\t\t<div class=\"elementor-background-overlay\"><\/div>\n\t\t\t\t\t\t\t<div class=\"elementor-container elementor-column-gap-default\">\n\t\t\t\t\t<div class=\"elementor-column elementor-col-100 elementor-top-column elementor-element elementor-element-7c29171c\" data-id=\"7c29171c\" data-element_type=\"column\">\n\t\t\t<div class=\"elementor-widget-wrap elementor-element-populated\">\n\t\t\t\t\t\t<div class=\"elementor-element elementor-element-56aab548 elementor-widget elementor-widget-heading\" data-id=\"56aab548\" data-element_type=\"widget\" data-widget_type=\"heading.default\">\n\t\t\t\t<div class=\"elementor-widget-container\">\n\t\t\t\t\t<h2 class=\"elementor-heading-title elementor-size-default\">ORIOL MORTE<\/h2>\t\t\t\t<\/div>\n\t\t\t\t<\/div>\n\t\t\t\t<div class=\"elementor-element elementor-element-2665d1f7 elementor-widget elementor-widget-heading\" data-id=\"2665d1f7\" data-element_type=\"widget\" data-widget_type=\"heading.default\">\n\t\t\t\t<div class=\"elementor-widget-container\">\n\t\t\t\t\t<h2 class=\"elementor-heading-title elementor-size-default\">VISUALS<\/h2>\t\t\t\t<\/div>\n\t\t\t\t<\/div>\n\t\t\t\t<div class=\"elementor-element elementor-element-5e960d70 elementor-align-center animated-slow elementor-invisible elementor-widget elementor-widget-button\" data-id=\"5e960d70\" data-element_type=\"widget\" data-settings=\"{&quot;_animation&quot;:&quot;fadeIn&quot;}\" data-widget_type=\"button.default\">\n\t\t\t\t<div class=\"elementor-widget-container\">\n\t\t\t\t\t\t\t\t\t<div class=\"elementor-button-wrapper\">\n\t\t\t\t\t<a class=\"elementor-button elementor-button-link elementor-size-lg\" href=\"#blog\">\n\t\t\t\t\t\t<span class=\"elementor-button-content-wrapper\">\n\t\t\t\t\t\t<span class=\"elementor-button-icon\">\n\t\t\t\t<i aria-hidden=\"true\" class=\"far fa-arrow-alt-circle-down\"><\/i>\t\t\t<\/span>\n\t\t\t\t\t\t\t\t\t<span class=\"elementor-button-text\">BLOG<\/span>\n\t\t\t\t\t<\/span>\n\t\t\t\t\t<\/a>\n\t\t\t\t<\/div>\n\t\t\t\t\t\t\t\t<\/div>\n\t\t\t\t<\/div>\n\t\t\t\t<div class=\"elementor-element elementor-element-5e4cabe7 elementor-align-center animated-slow elementor-invisible elementor-widget elementor-widget-button\" data-id=\"5e4cabe7\" data-element_type=\"widget\" data-settings=\"{&quot;_animation&quot;:&quot;fadeIn&quot;}\" data-widget_type=\"button.default\">\n\t\t\t\t<div class=\"elementor-widget-container\">\n\t\t\t\t\t\t\t\t\t<div class=\"elementor-button-wrapper\">\n\t\t\t\t\t<a class=\"elementor-button elementor-button-link elementor-size-lg\" href=\"https:\/\/www.oriolmorte.com\/ca\/galeries\/\">\n\t\t\t\t\t\t<span class=\"elementor-button-content-wrapper\">\n\t\t\t\t\t\t\t\t\t<span class=\"elementor-button-text\">GALERIES<\/span>\n\t\t\t\t\t<\/span>\n\t\t\t\t\t<\/a>\n\t\t\t\t<\/div>\n\t\t\t\t\t\t\t\t<\/div>\n\t\t\t\t<\/div>\n\t\t\t\t\t<\/div>\n\t\t<\/div>\n\t\t\t\t\t<\/div>\n\t\t<\/section>\n\t\t\t\t<section class=\"elementor-section elementor-top-section elementor-element elementor-element-6a2fbdf5 elementor-section-full_width elementor-section-height-min-height elementor-section-content-space-around elementor-section-height-default elementor-section-items-middle\" data-id=\"6a2fbdf5\" data-element_type=\"section\" data-settings=\"{&quot;background_background&quot;:&quot;classic&quot;}\">\n\t\t\t\t\t\t<div class=\"elementor-container elementor-column-gap-default\">\n\t\t\t\t\t<div class=\"elementor-column elementor-col-100 elementor-top-column elementor-element elementor-element-1bc11b09\" data-id=\"1bc11b09\" data-element_type=\"column\" data-settings=\"{&quot;background_background&quot;:&quot;classic&quot;}\">\n\t\t\t<div class=\"elementor-widget-wrap elementor-element-populated\">\n\t\t\t\t\t\t<div class=\"elementor-element elementor-element-c593f0c elementor-widget elementor-widget-menu-anchor\" data-id=\"c593f0c\" data-element_type=\"widget\" data-widget_type=\"menu-anchor.default\">\n\t\t\t\t<div class=\"elementor-widget-container\">\n\t\t\t\t\t\t\t<div class=\"elementor-menu-anchor\" id=\"blog\"><\/div>\n\t\t\t\t\t\t<\/div>\n\t\t\t\t<\/div>\n\t\t\t\t<div class=\"elementor-element elementor-element-7732f2f7 elementor-widget elementor-widget-heading\" data-id=\"7732f2f7\" data-element_type=\"widget\" data-widget_type=\"heading.default\">\n\t\t\t\t<div class=\"elementor-widget-container\">\n\t\t\t\t\t<h2 class=\"elementor-heading-title elementor-size-default\">BLOG<\/h2>\t\t\t\t<\/div>\n\t\t\t\t<\/div>\n\t\t\t\t\t<\/div>\n\t\t<\/div>\n\t\t\t\t\t<\/div>\n\t\t<\/section>\n\t\t\t\t<section class=\"elementor-section elementor-top-section elementor-element elementor-element-b2b5b71 elementor-section-full_width elementor-section-height-default elementor-section-height-default\" data-id=\"b2b5b71\" data-element_type=\"section\">\n\t\t\t\t\t\t<div class=\"elementor-container elementor-column-gap-no\">\n\t\t\t\t\t<div class=\"elementor-column elementor-col-100 elementor-top-column elementor-element elementor-element-3d8d1674\" data-id=\"3d8d1674\" data-element_type=\"column\">\n\t\t\t<div class=\"elementor-widget-wrap elementor-element-populated\">\n\t\t\t\t\t\t<div class=\"elementor-element elementor-element-2a3c377e blog-parallax-align-center elementor-widget elementor-widget-blog-parallax\" data-id=\"2a3c377e\" data-element_type=\"widget\" data-widget_type=\"blog-parallax.default\">\n\t\t\t\t<div class=\"elementor-widget-container\">\n\t\t\t\t\t<div class=\"gridblock-blog-parallax gridblock-parallax-wrap clearfix\"><ul><li data-jarallax='{\"speed\": 0.3}' class=\"jarallax vertical-parallax-image\" style=\"height:600px;background-image:url(https:\/\/www.oriolmorte.com\/wp-content\/uploads\/2020\/06\/oriolmorte_blog_photographing_winter_north_iberian_peninsula-01.jpg);\"><div class=\"bg-detect-and-display slideshow-box-info work-details\"><a href=\"https:\/\/www.oriolmorte.com\/ca\/2020\/02\/28\/ruta-fotografica-hivern-pel-nord-de-la-peninsula-iberica\/\"><div class=\"heading-block\"><h2 class=\"line-standby photocard-title\">\n\t\t\t\tFotografiar a l&#8217;hivern pel Nord de la Pen\u00ednsula Ib\u00e8rica\n\t\t\t\t<\/h2><h3 class=\"photocard-subtitle\">\n\t\t\t\t\t28\/02\/2020\n\t\t\t\t<\/h3><\/div><div class=\"photocard-contents\">\n\t\t\t\t<p>El Repte de la fotografia a l&#8217;hivern La climatologia a vegades ens fa regals que els fot\u00f2grafs hem de saber aprofitar com el cas...<\/p>\n\t\t\t\t<\/div><\/a><a class=\"theme-btn-link\" href=\"https:\/\/www.oriolmorte.com\/ca\/2020\/02\/28\/ruta-fotografica-hivern-pel-nord-de-la-peninsula-iberica\/\"><div class=\"theme-btn theme-btn-outline-primary theme-hover-arrow\">Continue Reading<\/div><\/a><\/div><\/li><li data-jarallax='{\"speed\": 0.3}' class=\"jarallax vertical-parallax-image\" style=\"height:600px;background-image:url(https:\/\/www.oriolmorte.com\/wp-content\/uploads\/2016\/02\/R8A5291-Edit_oriol_morte_featured_blog-scaled.jpg);\"><div class=\"bg-detect-and-display slideshow-box-info work-details\"><a href=\"https:\/\/www.oriolmorte.com\/ca\/2018\/07\/14\/una-tarda-a-bilbao\/\"><div class=\"heading-block\"><h2 class=\"line-standby photocard-title\">\n\t\t\t\tUna tarda a Bilbao\n\t\t\t\t<\/h2><h3 class=\"photocard-subtitle\">\n\t\t\t\t\t14\/07\/2018\n\t\t\t\t<\/h3><\/div><div class=\"photocard-contents\">\n\t\t\t\t<p>Una tarda a Bilbao Seguint el viatge a trav\u00e9s de la costa nord d&#8217;Espanya despr\u00e9s de deixar enrera Ast\u00faries passant per la Platja de...<\/p>\n\t\t\t\t<\/div><\/a><a class=\"theme-btn-link\" href=\"https:\/\/www.oriolmorte.com\/ca\/2018\/07\/14\/una-tarda-a-bilbao\/\"><div class=\"theme-btn theme-btn-outline-primary theme-hover-arrow\">Continue Reading<\/div><\/a><\/div><\/li><li data-jarallax='{\"speed\": 0.3}' class=\"jarallax vertical-parallax-image\" style=\"height:600px;background-image:url(https:\/\/www.oriolmorte.com\/wp-content\/uploads\/2016\/02\/R8A5215_oriol_morte_featured_blog-scaled.jpg);\"><div class=\"bg-detect-and-display slideshow-box-info work-details\"><a href=\"https:\/\/www.oriolmorte.com\/ca\/2017\/05\/15\/platja-de-cuevas-del-mar\/\"><div class=\"heading-block\"><h2 class=\"line-standby photocard-title\">\n\t\t\t\tPlatja de Cuevas del Mar\n\t\t\t\t<\/h2><h3 class=\"photocard-subtitle\">\n\t\t\t\t\t15\/05\/2017\n\t\t\t\t<\/h3><\/div><div class=\"photocard-contents\">\n\t\t\t\t<p>Ast\u00faries El passat Juny de 2014 vag visitar la Platja de Cuevas del Mar. Es troba prop de Nueva (Llanes) a la Ast\u00faries, al...<\/p>\n\t\t\t\t<\/div><\/a><a class=\"theme-btn-link\" href=\"https:\/\/www.oriolmorte.com\/ca\/2017\/05\/15\/platja-de-cuevas-del-mar\/\"><div class=\"theme-btn theme-btn-outline-primary theme-hover-arrow\">Continue Reading<\/div><\/a><\/div><\/li><\/ul><\/div><div class=\"blog-parallax-pagination\"><div class=\"pagination-navigation\"><div class=\"pagination\"><span class=\"pagination-info\">Page 1 of 16<\/span><span class=\"current\">1<\/span><a href='https:\/\/www.oriolmorte.com\/ca\/wp-json\/wp\/v2\/pages\/46368\/page\/2\/' class=\"inactive\">2<\/a><a href='https:\/\/www.oriolmorte.com\/ca\/wp-json\/wp\/v2\/pages\/46368\/page\/3\/' class=\"inactive\">3<\/a><a href='https:\/\/www.oriolmorte.com\/ca\/wp-json\/wp\/v2\/pages\/46368\/page\/4\/' class=\"inactive\">4<\/a><a href='https:\/\/www.oriolmorte.com\/ca\/wp-json\/wp\/v2\/pages\/46368\/page\/5\/' class=\"inactive\">5<\/a><a href=\"https:\/\/www.oriolmorte.com\/ca\/wp-json\/wp\/v2\/pages\/46368\/page\/2\/\">&rsaquo;<\/a><a href='https:\/\/www.oriolmorte.com\/ca\/wp-json\/wp\/v2\/pages\/46368\/page\/16\/'>&raquo;<\/a><\/div><\/div><\/div>\t\t\t\t<\/div>\n\t\t\t\t<\/div>\n\t\t\t\t\t<\/div>\n\t\t<\/div>\n\t\t\t\t\t<\/div>\n\t\t<\/section>\n\t\t\t\t<\/div>\n\t\t","protected":false},"excerpt":{"rendered":"<p>ORIOL MORTE VISUALS BLOG GALERIES BLOG Fotografiar a l&#8217;hivern pel Nord de la Pen\u00ednsula Ib\u00e8rica 28\/02\/2020 El Repte de la fotografia a l&#8217;hivern La climatologia a vegades ens fa regals que els fot\u00f2grafs hem de saber aprofitar com el cas&#8230; Continue Reading Una tarda a Bilbao 14\/07\/2018 Una tarda a Bilbao Seguint el viatge a trav\u00e9s de la costa nord d&#8217;Espanya despr\u00e9s de deixar enrera Ast\u00faries passant per la Platja de&#8230; Continue Reading Platja de Cuevas del Mar 15\/05\/2017 Ast\u00faries [&hellip;]<\/p>\n","protected":false},"author":1,"featured_media":40976,"parent":0,"menu_order":0,"comment_status":"closed","ping_status":"closed","template":"","meta":{"footnotes":""},"yoast_head":"<!-- This site is optimized with the Yoast SEO plugin v23.5 - https:\/\/yoast.com\/wordpress\/plugins\/seo\/ -->\n<title>Oriol Morte | Visuals - Fot\u00f2graf Comercial a Barcelona<\/title>\n<meta name=\"description\" content=\"Oriol Morte Visuals | Fot\u00f2graf Comercial a Barcelona. Esdeveniments, Retrats de Moda i Corporatius, Fotografia A\u00e8ria i de Viatges.\" \/>\n<meta name=\"robots\" content=\"index, follow, max-snippet:-1, max-image-preview:large, max-video-preview:-1\" \/>\n<link rel=\"canonical\" href=\"https:\/\/www.oriolmorte.com\/ca\/\" \/>\n<meta property=\"og:locale\" content=\"ca_ES\" \/>\n<meta property=\"og:type\" content=\"article\" \/>\n<meta property=\"og:title\" content=\"Oriol Morte | Visuals - Fot\u00f2graf Comercial a Barcelona\" \/>\n<meta property=\"og:description\" content=\"Oriol Morte Visuals | Fot\u00f2graf Comercial a Barcelona. Esdeveniments, Retrats de Moda i Corporatius, Fotografia A\u00e8ria i de Viatges.\" \/>\n<meta property=\"og:url\" content=\"https:\/\/www.oriolmorte.com\/ca\/\" \/>\n<meta property=\"og:site_name\" content=\"Oriol Morte | Visuals\" \/>\n<meta property=\"article:modified_time\" content=\"2024-03-18T10:30:20+00:00\" \/>\n<meta property=\"og:image\" content=\"https:\/\/www.oriolmorte.com\/wp-content\/uploads\/2016\/02\/landscapes_home2-scaled.jpg\" \/>\n\t<meta property=\"og:image:width\" content=\"2560\" \/>\n\t<meta property=\"og:image:height\" content=\"1707\" \/>\n\t<meta property=\"og:image:type\" content=\"image\/jpeg\" \/>\n<meta name=\"twitter:card\" content=\"summary_large_image\" \/>\n<meta name=\"twitter:site\" content=\"@oriolmorte\" \/>\n<meta name=\"twitter:label1\" content=\"Temps estimat de lectura\" \/>\n\t<meta name=\"twitter:data1\" content=\"1 minut\" \/>\n<script type=\"application\/ld+json\" class=\"yoast-schema-graph\">{\"@context\":\"https:\/\/schema.org\",\"@graph\":[{\"@type\":\"WebPage\",\"@id\":\"https:\/\/www.oriolmorte.com\/ca\/\",\"url\":\"https:\/\/www.oriolmorte.com\/ca\/\",\"name\":\"Oriol Morte | Visuals - Fot\u00f2graf Comercial a Barcelona\",\"isPartOf\":{\"@id\":\"https:\/\/www.oriolmorte.com\/ca\/#website\"},\"primaryImageOfPage\":{\"@id\":\"https:\/\/www.oriolmorte.com\/ca\/#primaryimage\"},\"image\":{\"@id\":\"https:\/\/www.oriolmorte.com\/ca\/#primaryimage\"},\"thumbnailUrl\":\"https:\/\/www.oriolmorte.com\/wp-content\/uploads\/2016\/02\/landscapes_home2-scaled.jpg\",\"datePublished\":\"2013-10-29T09:16:21+00:00\",\"dateModified\":\"2024-03-18T10:30:20+00:00\",\"description\":\"Oriol Morte Visuals | Fot\u00f2graf Comercial a Barcelona. Esdeveniments, Retrats de Moda i Corporatius, Fotografia A\u00e8ria i de Viatges.\",\"breadcrumb\":{\"@id\":\"https:\/\/www.oriolmorte.com\/ca\/#breadcrumb\"},\"inLanguage\":\"ca\",\"potentialAction\":[{\"@type\":\"ReadAction\",\"target\":[\"https:\/\/www.oriolmorte.com\/ca\/\"]}]},{\"@type\":\"ImageObject\",\"inLanguage\":\"ca\",\"@id\":\"https:\/\/www.oriolmorte.com\/ca\/#primaryimage\",\"url\":\"https:\/\/www.oriolmorte.com\/wp-content\/uploads\/2016\/02\/landscapes_home2-scaled.jpg\",\"contentUrl\":\"https:\/\/www.oriolmorte.com\/wp-content\/uploads\/2016\/02\/landscapes_home2-scaled.jpg\",\"width\":2560,\"height\":1707,\"caption\":\"Stitched Panorama\"},{\"@type\":\"BreadcrumbList\",\"@id\":\"https:\/\/www.oriolmorte.com\/ca\/#breadcrumb\",\"itemListElement\":[{\"@type\":\"ListItem\",\"position\":1,\"name\":\"Home\",\"item\":\"https:\/\/www.oriolmorte.com\/ca\/\"},{\"@type\":\"ListItem\",\"position\":2,\"name\":\"Inici\"}]},{\"@type\":\"WebSite\",\"@id\":\"https:\/\/www.oriolmorte.com\/ca\/#website\",\"url\":\"https:\/\/www.oriolmorte.com\/ca\/\",\"name\":\"Oriol Morte | Visuals\",\"description\":\"Photography\",\"publisher\":{\"@id\":\"https:\/\/www.oriolmorte.com\/ca\/#\/schema\/person\/c939f3cb1e4f0e0d005eba682aa7f5a3\"},\"potentialAction\":[{\"@type\":\"SearchAction\",\"target\":{\"@type\":\"EntryPoint\",\"urlTemplate\":\"https:\/\/www.oriolmorte.com\/ca\/?s={search_term_string}\"},\"query-input\":{\"@type\":\"PropertyValueSpecification\",\"valueRequired\":true,\"valueName\":\"search_term_string\"}}],\"inLanguage\":\"ca\"},{\"@type\":[\"Person\",\"Organization\"],\"@id\":\"https:\/\/www.oriolmorte.com\/ca\/#\/schema\/person\/c939f3cb1e4f0e0d005eba682aa7f5a3\",\"name\":\"Oriol Morte\",\"image\":{\"@type\":\"ImageObject\",\"inLanguage\":\"ca\",\"@id\":\"https:\/\/www.oriolmorte.com\/ca\/#\/schema\/person\/image\/\",\"url\":\"https:\/\/www.oriolmorte.com\/wp-content\/uploads\/2014\/03\/logo_OM_black_translucent_background.png\",\"contentUrl\":\"https:\/\/www.oriolmorte.com\/wp-content\/uploads\/2014\/03\/logo_OM_black_translucent_background.png\",\"width\":500,\"height\":500,\"caption\":\"Oriol Morte\"},\"logo\":{\"@id\":\"https:\/\/www.oriolmorte.com\/ca\/#\/schema\/person\/image\/\"},\"description\":\"Photographer since 2002\"}]}<\/script>\n<!-- \/ Yoast SEO plugin. -->","yoast_head_json":{"title":"Oriol Morte | Visuals - Fot\u00f2graf Comercial a Barcelona","description":"Oriol Morte Visuals | Fot\u00f2graf Comercial a Barcelona. Esdeveniments, Retrats de Moda i Corporatius, Fotografia A\u00e8ria i de Viatges.","robots":{"index":"index","follow":"follow","max-snippet":"max-snippet:-1","max-image-preview":"max-image-preview:large","max-video-preview":"max-video-preview:-1"},"canonical":"https:\/\/www.oriolmorte.com\/ca\/","og_locale":"ca_ES","og_type":"article","og_title":"Oriol Morte | Visuals - Fot\u00f2graf Comercial a Barcelona","og_description":"Oriol Morte Visuals | Fot\u00f2graf Comercial a Barcelona. Esdeveniments, Retrats de Moda i Corporatius, Fotografia A\u00e8ria i de Viatges.","og_url":"https:\/\/www.oriolmorte.com\/ca\/","og_site_name":"Oriol Morte | Visuals","article_modified_time":"2024-03-18T10:30:20+00:00","og_image":[{"width":2560,"height":1707,"url":"https:\/\/www.oriolmorte.com\/wp-content\/uploads\/2016\/02\/landscapes_home2-scaled.jpg","type":"image\/jpeg"}],"twitter_card":"summary_large_image","twitter_site":"@oriolmorte","twitter_misc":{"Temps estimat de lectura":"1 minut"},"schema":{"@context":"https:\/\/schema.org","@graph":[{"@type":"WebPage","@id":"https:\/\/www.oriolmorte.com\/ca\/","url":"https:\/\/www.oriolmorte.com\/ca\/","name":"Oriol Morte | Visuals - Fot\u00f2graf Comercial a Barcelona","isPartOf":{"@id":"https:\/\/www.oriolmorte.com\/ca\/#website"},"primaryImageOfPage":{"@id":"https:\/\/www.oriolmorte.com\/ca\/#primaryimage"},"image":{"@id":"https:\/\/www.oriolmorte.com\/ca\/#primaryimage"},"thumbnailUrl":"https:\/\/www.oriolmorte.com\/wp-content\/uploads\/2016\/02\/landscapes_home2-scaled.jpg","datePublished":"2013-10-29T09:16:21+00:00","dateModified":"2024-03-18T10:30:20+00:00","description":"Oriol Morte Visuals | Fot\u00f2graf Comercial a Barcelona. Esdeveniments, Retrats de Moda i Corporatius, Fotografia A\u00e8ria i de Viatges.","breadcrumb":{"@id":"https:\/\/www.oriolmorte.com\/ca\/#breadcrumb"},"inLanguage":"ca","potentialAction":[{"@type":"ReadAction","target":["https:\/\/www.oriolmorte.com\/ca\/"]}]},{"@type":"ImageObject","inLanguage":"ca","@id":"https:\/\/www.oriolmorte.com\/ca\/#primaryimage","url":"https:\/\/www.oriolmorte.com\/wp-content\/uploads\/2016\/02\/landscapes_home2-scaled.jpg","contentUrl":"https:\/\/www.oriolmorte.com\/wp-content\/uploads\/2016\/02\/landscapes_home2-scaled.jpg","width":2560,"height":1707,"caption":"Stitched Panorama"},{"@type":"BreadcrumbList","@id":"https:\/\/www.oriolmorte.com\/ca\/#breadcrumb","itemListElement":[{"@type":"ListItem","position":1,"name":"Home","item":"https:\/\/www.oriolmorte.com\/ca\/"},{"@type":"ListItem","position":2,"name":"Inici"}]},{"@type":"WebSite","@id":"https:\/\/www.oriolmorte.com\/ca\/#website","url":"https:\/\/www.oriolmorte.com\/ca\/","name":"Oriol Morte | Visuals","description":"Photography","publisher":{"@id":"https:\/\/www.oriolmorte.com\/ca\/#\/schema\/person\/c939f3cb1e4f0e0d005eba682aa7f5a3"},"potentialAction":[{"@type":"SearchAction","target":{"@type":"EntryPoint","urlTemplate":"https:\/\/www.oriolmorte.com\/ca\/?s={search_term_string}"},"query-input":{"@type":"PropertyValueSpecification","valueRequired":true,"valueName":"search_term_string"}}],"inLanguage":"ca"},{"@type":["Person","Organization"],"@id":"https:\/\/www.oriolmorte.com\/ca\/#\/schema\/person\/c939f3cb1e4f0e0d005eba682aa7f5a3","name":"Oriol Morte","image":{"@type":"ImageObject","inLanguage":"ca","@id":"https:\/\/www.oriolmorte.com\/ca\/#\/schema\/person\/image\/","url":"https:\/\/www.oriolmorte.com\/wp-content\/uploads\/2014\/03\/logo_OM_black_translucent_background.png","contentUrl":"https:\/\/www.oriolmorte.com\/wp-content\/uploads\/2014\/03\/logo_OM_black_translucent_background.png","width":500,"height":500,"caption":"Oriol Morte"},"logo":{"@id":"https:\/\/www.oriolmorte.com\/ca\/#\/schema\/person\/image\/"},"description":"Photographer since 2002"}]}},"_links":{"self":[{"href":"https:\/\/www.oriolmorte.com\/ca\/wp-json\/wp\/v2\/pages\/46368"}],"collection":[{"href":"https:\/\/www.oriolmorte.com\/ca\/wp-json\/wp\/v2\/pages"}],"about":[{"href":"https:\/\/www.oriolmorte.com\/ca\/wp-json\/wp\/v2\/types\/page"}],"author":[{"embeddable":true,"href":"https:\/\/www.oriolmorte.com\/ca\/wp-json\/wp\/v2\/users\/1"}],"replies":[{"embeddable":true,"href":"https:\/\/www.oriolmorte.com\/ca\/wp-json\/wp\/v2\/comments?post=46368"}],"version-history":[{"count":10,"href":"https:\/\/www.oriolmorte.com\/ca\/wp-json\/wp\/v2\/pages\/46368\/revisions"}],"predecessor-version":[{"id":50022,"href":"https:\/\/www.oriolmorte.com\/ca\/wp-json\/wp\/v2\/pages\/46368\/revisions\/50022"}],"wp:featuredmedia":[{"embeddable":true,"href":"https:\/\/www.oriolmorte.com\/ca\/wp-json\/wp\/v2\/media\/40976"}],"wp:attachment":[{"href":"https:\/\/www.oriolmorte.com\/ca\/wp-json\/wp\/v2\/media?parent=46368"}],"curies":[{"name":"wp","href":"https:\/\/api.w.org\/{rel}","templated":true}]}}