{"id":44436,"date":"2020-03-01T15:59:52","date_gmt":"2020-03-01T14:59:52","guid":{"rendered":"https:\/\/www.oriolmorte.com\/sobre-mi\/"},"modified":"2025-12-19T00:03:20","modified_gmt":"2025-12-18T23:03:20","slug":"sobre-mi","status":"publish","type":"page","link":"https:\/\/www.oriolmorte.com\/ca\/sobre-mi\/","title":{"rendered":"Sobre mi"},"content":{"rendered":"\t\t<div data-elementor-type=\"wp-post\" data-elementor-id=\"44436\" class=\"elementor elementor-44436 elementor-53\" data-elementor-post-type=\"page\">\n\t\t\t\t\t\t<section class=\"elementor-section elementor-top-section elementor-element elementor-element-6ead082 elementor-section-full_width elementor-section-height-min-height elementor-section-items-top elementor-section-height-default\" data-id=\"6ead082\" data-element_type=\"section\" data-settings=\"{&quot;background_background&quot;:&quot;classic&quot;}\">\n\t\t\t\t\t\t\t<div class=\"elementor-background-overlay\"><\/div>\n\t\t\t\t\t\t\t<div class=\"elementor-container elementor-column-gap-no\">\n\t\t\t\t\t<div class=\"elementor-column elementor-col-100 elementor-top-column elementor-element elementor-element-e5cf3ec\" data-id=\"e5cf3ec\" data-element_type=\"column\">\n\t\t\t<div class=\"elementor-widget-wrap elementor-element-populated\">\n\t\t\t\t\t\t<div class=\"elementor-element elementor-element-c447b49 section-size-large section-align-center subtitle-style-default elementor-widget elementor-widget-section-heading\" data-id=\"c447b49\" data-element_type=\"widget\" data-widget_type=\"section-heading.default\">\n\t\t\t\t<div class=\"elementor-widget-container\">\n\t\t\t\t\t<div class=\"section-heading headingstyle-default\"><div class=\"section-title-wrapper\"><h2 class=\"entry-title section-title\">Sobre mi<\/h2><\/div><h5 class=\"entry-sub-title section-sub-title\">Qui hi ha darrera de la c\u00e0mera<\/h5><\/div>\t\t\t\t<\/div>\n\t\t\t\t<\/div>\n\t\t\t\t\t<\/div>\n\t\t<\/div>\n\t\t\t\t\t<\/div>\n\t\t<\/section>\n\t\t\t\t<section class=\"elementor-section elementor-top-section elementor-element elementor-element-f56391e elementor-section-full_width elementor-section-height-default elementor-section-height-default\" data-id=\"f56391e\" data-element_type=\"section\">\n\t\t\t\t\t\t<div class=\"elementor-container elementor-column-gap-no\">\n\t\t\t\t\t<div class=\"elementor-column elementor-col-50 elementor-top-column elementor-element elementor-element-502f907\" data-id=\"502f907\" data-element_type=\"column\">\n\t\t\t<div class=\"elementor-widget-wrap elementor-element-populated\">\n\t\t\t\t\t\t<div class=\"elementor-element elementor-element-9b2b8d4 elementor-widget elementor-widget-image\" data-id=\"9b2b8d4\" data-element_type=\"widget\" data-widget_type=\"image.default\">\n\t\t\t\t<div class=\"elementor-widget-container\">\n\t\t\t\t\t\t\t\t\t\t\t\t\t\t\t<img fetchpriority=\"high\" decoding=\"async\" width=\"1400\" height=\"1400\" src=\"https:\/\/www.oriolmorte.com\/wp-content\/uploads\/2020\/02\/OM_dobleexpo_arrowtown_oriol.jpg\" class=\"attachment-full size-full wp-image-44412\" alt=\"Oriol Morte\" srcset=\"https:\/\/www.oriolmorte.com\/wp-content\/uploads\/2020\/02\/OM_dobleexpo_arrowtown_oriol.jpg 1400w, https:\/\/www.oriolmorte.com\/wp-content\/uploads\/2020\/02\/OM_dobleexpo_arrowtown_oriol-600x600.jpg 600w, https:\/\/www.oriolmorte.com\/wp-content\/uploads\/2020\/02\/OM_dobleexpo_arrowtown_oriol-1030x1030.jpg 1030w, https:\/\/www.oriolmorte.com\/wp-content\/uploads\/2020\/02\/OM_dobleexpo_arrowtown_oriol-80x80.jpg 80w, https:\/\/www.oriolmorte.com\/wp-content\/uploads\/2020\/02\/OM_dobleexpo_arrowtown_oriol-768x768.jpg 768w, https:\/\/www.oriolmorte.com\/wp-content\/uploads\/2020\/02\/OM_dobleexpo_arrowtown_oriol-150x150.jpg 150w, https:\/\/www.oriolmorte.com\/wp-content\/uploads\/2020\/02\/OM_dobleexpo_arrowtown_oriol-770x770.jpg 770w, https:\/\/www.oriolmorte.com\/wp-content\/uploads\/2020\/02\/OM_dobleexpo_arrowtown_oriol-160x160.jpg 160w, https:\/\/www.oriolmorte.com\/wp-content\/uploads\/2020\/02\/OM_dobleexpo_arrowtown_oriol-800x800.jpg 800w, https:\/\/www.oriolmorte.com\/wp-content\/uploads\/2020\/02\/OM_dobleexpo_arrowtown_oriol-300x300.jpg 300w, https:\/\/www.oriolmorte.com\/wp-content\/uploads\/2020\/02\/OM_dobleexpo_arrowtown_oriol-100x100.jpg 100w\" sizes=\"(max-width: 1400px) 100vw, 1400px\" \/>\t\t\t\t\t\t\t\t\t\t\t\t\t\t\t<\/div>\n\t\t\t\t<\/div>\n\t\t\t\t\t<\/div>\n\t\t<\/div>\n\t\t\t\t<div class=\"elementor-column elementor-col-50 elementor-top-column elementor-element elementor-element-962eb30\" data-id=\"962eb30\" data-element_type=\"column\" data-settings=\"{&quot;background_background&quot;:&quot;classic&quot;}\">\n\t\t\t<div class=\"elementor-widget-wrap elementor-element-populated\">\n\t\t\t\t\t\t<div class=\"elementor-element elementor-element-785fc3c section-size-large section-align-center subtitle-style-default elementor-widget elementor-widget-section-heading\" data-id=\"785fc3c\" data-element_type=\"widget\" data-widget_type=\"section-heading.default\">\n\t\t\t\t<div class=\"elementor-widget-container\">\n\t\t\t\t\t<div class=\"section-heading headingstyle-default\"><div class=\"section-title-wrapper\"><h2 class=\"entry-title section-title\">Nascut a Barcelona<\/h2><\/div><h5 class=\"entry-sub-title section-sub-title\">1982<\/h5><div class=\"section-description clearfix\"><div class=\"section-description-inner\"><p>Diguem que l'Oriol va iniciar-se en la fotografia durant la seva inf\u00e0ncia amb una c\u00e0mera anal\u00f2gica de pl\u00e0stic vermella sense ajustos manuals. M\u00e9s tard, despr\u00e9s d'una Minolta compacta i d'una c\u00e0mera r\u00e9flex del seu pare la marca del qual ha prom\u00e8s de no dir, va entrar en la fotografia digital. Aix\u00f2 va significar un salt en la seva formaci\u00f3 fotogr\u00e0fica i poc despr\u00e9s va esdevenir fot\u00f2graf freelance autodidacta. L'exploraci\u00f3 de totes les arts i t\u00e8cniques fotogr\u00e0fiques l'ha fet un fot\u00f2graf tot terreny.<\/p>\n<\/div><\/div><\/div>\t\t\t\t<\/div>\n\t\t\t\t<\/div>\n\t\t\t\t\t<\/div>\n\t\t<\/div>\n\t\t\t\t\t<\/div>\n\t\t<\/section>\n\t\t\t\t<section class=\"elementor-section elementor-top-section elementor-element elementor-element-56cfe992 elementor-section-boxed elementor-section-height-default elementor-section-height-default\" data-id=\"56cfe992\" data-element_type=\"section\">\n\t\t\t\t\t\t<div class=\"elementor-container elementor-column-gap-no\">\n\t\t\t\t\t<div class=\"elementor-column elementor-col-100 elementor-top-column elementor-element elementor-element-5c25fd67\" data-id=\"5c25fd67\" data-element_type=\"column\">\n\t\t\t<div class=\"elementor-widget-wrap elementor-element-populated\">\n\t\t\t\t\t\t<div class=\"elementor-element elementor-element-4f78239 elementor-widget elementor-widget-split-headlines\" data-id=\"4f78239\" data-element_type=\"widget\" data-widget_type=\"split-headlines.default\">\n\t\t\t\t<div class=\"elementor-widget-container\">\n\t\t\t\t\t<div class=\"multi-headlines-outer\"><div class=\"multi-headlines-wrap\"><div class=\"multi-headlines\"><p>\"No captes una fotografia, la fas\"<\/p>\n <\/div><\/div><\/div>\t\t\t\t<\/div>\n\t\t\t\t<\/div>\n\t\t\t\t<div class=\"elementor-element elementor-element-d0e7b8d animated-slow elementor-invisible elementor-widget elementor-widget-text-editor\" data-id=\"d0e7b8d\" data-element_type=\"widget\" data-settings=\"{&quot;_animation&quot;:&quot;fadeIn&quot;,&quot;_animation_delay&quot;:200}\" data-widget_type=\"text-editor.default\">\n\t\t\t\t<div class=\"elementor-widget-container\">\n\t\t\t\t\t\t\t\t\t<h4 style=\"text-align: center;\">Ansel Adams<\/h4>\n\t\t\t\t\t\t\t\t<\/div>\n\t\t\t\t<\/div>\n\t\t\t\t\t<\/div>\n\t\t<\/div>\n\t\t\t\t\t<\/div>\n\t\t<\/section>\n\t\t\t\t<section class=\"jarallax lazyload elementor-section elementor-top-section elementor-element elementor-element-0ab8962 elementor-section-full_width elementor-section-height-default elementor-section-height-default\" data-jarallax=\"\" data-speed=\"0.75\" data-type=\"scroll\" data-parallax=\"scroll\" style=\"background-image:url(&quot;https:\/\/www.oriolmorte.com\/wp-content\/uploads\/2020\/02\/gallery_wp_omDJI_0040.jpg&quot;);\" data-image-src=\"https:\/\/www.oriolmorte.com\/wp-content\/uploads\/2020\/02\/gallery_wp_omDJI_0040.jpg\" data-id=\"0ab8962\" data-element_type=\"section\" data-settings=\"{&quot;background_background&quot;:&quot;classic&quot;}\">\n\t\t\t\t\t\t\t<div class=\"elementor-background-overlay\"><\/div>\n\t\t\t\t\t\t\t<div class=\"elementor-container elementor-column-gap-wider\">\n\t\t\t\t\t<div class=\"elementor-column elementor-col-33 elementor-top-column elementor-element elementor-element-9cd69b3\" data-id=\"9cd69b3\" data-element_type=\"column\">\n\t\t\t<div class=\"elementor-widget-wrap elementor-element-populated\">\n\t\t\t\t\t\t<div class=\"elementor-element elementor-element-8eeeeb6 elementor-widget elementor-widget-text-editor\" data-id=\"8eeeeb6\" data-element_type=\"widget\" data-widget_type=\"text-editor.default\">\n\t\t\t\t<div class=\"elementor-widget-container\">\n\t\t\t\t\t\t\t\t\t<p>L&#8217;estil<\/p>\n\t\t\t\t\t\t\t\t<\/div>\n\t\t\t\t<\/div>\n\t\t\t\t\t<\/div>\n\t\t<\/div>\n\t\t\t\t<div class=\"elementor-column elementor-col-33 elementor-top-column elementor-element elementor-element-994ae09\" data-id=\"994ae09\" data-element_type=\"column\">\n\t\t\t<div class=\"elementor-widget-wrap elementor-element-populated\">\n\t\t\t\t\t\t<div class=\"elementor-element elementor-element-ffca869 elementor-widget elementor-widget-image\" data-id=\"ffca869\" data-element_type=\"widget\" data-widget_type=\"image.default\">\n\t\t\t\t<div class=\"elementor-widget-container\">\n\t\t\t\t\t\t\t\t\t\t\t\t\t\t\t<img decoding=\"async\" width=\"550\" height=\"770\" src=\"https:\/\/www.oriolmorte.com\/wp-content\/uploads\/2020\/02\/gallery_beautyandglamour_wp_omLY5O5295-550x770.jpg\" class=\"attachment-blacksilver-gridblock-large-portrait size-blacksilver-gridblock-large-portrait wp-image-45691\" alt=\"\" srcset=\"https:\/\/www.oriolmorte.com\/wp-content\/uploads\/2020\/02\/gallery_beautyandglamour_wp_omLY5O5295-550x770.jpg 550w, https:\/\/www.oriolmorte.com\/wp-content\/uploads\/2020\/02\/gallery_beautyandglamour_wp_omLY5O5295-429x600.jpg 429w, https:\/\/www.oriolmorte.com\/wp-content\/uploads\/2020\/02\/gallery_beautyandglamour_wp_omLY5O5295-736x1030.jpg 736w, https:\/\/www.oriolmorte.com\/wp-content\/uploads\/2020\/02\/gallery_beautyandglamour_wp_omLY5O5295-768x1075.jpg 768w, https:\/\/www.oriolmorte.com\/wp-content\/uploads\/2020\/02\/gallery_beautyandglamour_wp_omLY5O5295-1097x1536.jpg 1097w, https:\/\/www.oriolmorte.com\/wp-content\/uploads\/2020\/02\/gallery_beautyandglamour_wp_omLY5O5295-1463x2048.jpg 1463w, https:\/\/www.oriolmorte.com\/wp-content\/uploads\/2020\/02\/gallery_beautyandglamour_wp_omLY5O5295-1400x1960.jpg 1400w, https:\/\/www.oriolmorte.com\/wp-content\/uploads\/2020\/02\/gallery_beautyandglamour_wp_omLY5O5295-800x1120.jpg 800w, https:\/\/www.oriolmorte.com\/wp-content\/uploads\/2020\/02\/gallery_beautyandglamour_wp_omLY5O5295-600x840.jpg 600w, https:\/\/www.oriolmorte.com\/wp-content\/uploads\/2020\/02\/gallery_beautyandglamour_wp_omLY5O5295.jpg 1786w\" sizes=\"(max-width: 550px) 100vw, 550px\" \/>\t\t\t\t\t\t\t\t\t\t\t\t\t\t\t<\/div>\n\t\t\t\t<\/div>\n\t\t\t\t\t<\/div>\n\t\t<\/div>\n\t\t\t\t<div class=\"elementor-column elementor-col-33 elementor-top-column elementor-element elementor-element-83b3230\" data-id=\"83b3230\" data-element_type=\"column\">\n\t\t\t<div class=\"elementor-widget-wrap elementor-element-populated\">\n\t\t\t\t\t\t<div class=\"elementor-element elementor-element-74201a5 elementor-widget elementor-widget-text-editor\" data-id=\"74201a5\" data-element_type=\"widget\" data-widget_type=\"text-editor.default\">\n\t\t\t\t<div class=\"elementor-widget-container\">\n\t\t\t\t\t\t\t\t\t<p>Considero cada fotografia on hi he de treballar controlant i passant per tots els passos des de l&#8217;inici fins al final: pre-producci\u00f3, l&#8217;\u00f2ptica i tria de il\u00b7luminaci\u00f3, l&#8217;enquadrament, la decisi\u00f3 de processar en blanc i negre o en color fins a obtenir els millors resultats amb l&#8217;imatge final. Tot \u00e9s sobre el proc\u00e9s creatiu que m&#8217;agrada cuidar al detall a cada un dels passos.<\/p>\n<p>El combustible que em mant\u00e9 en moviment fent m\u00e9s fotografies \u00e9s de fet per la pr\u00f2pia naturalesa de la fotografia. Despr\u00e9s de fer una foto, pots viatjar a milers de quil\u00f2metres, no importa on, ni quan, que et pots transportar all\u00e0 on et vas quedar meravellat. I no nom\u00e9s a tu, tamb\u00e9 pots transportar a altres davant la bellesa d&#8217;aquell moment o persona que vas fotografiar llavors.<\/p>\t\t\t\t\t\t\t\t<\/div>\n\t\t\t\t<\/div>\n\t\t\t\t\t<\/div>\n\t\t<\/div>\n\t\t\t\t\t<\/div>\n\t\t<\/section>\n\t\t\t\t<section class=\"elementor-section elementor-top-section elementor-element elementor-element-45630aa0 elementor-section-boxed elementor-section-height-default elementor-section-height-default\" data-id=\"45630aa0\" data-element_type=\"section\">\n\t\t\t\t\t\t<div class=\"elementor-container elementor-column-gap-default\">\n\t\t\t\t\t<div class=\"elementor-column elementor-col-100 elementor-top-column elementor-element elementor-element-52ea9456\" data-id=\"52ea9456\" data-element_type=\"column\">\n\t\t\t<div class=\"elementor-widget-wrap elementor-element-populated\">\n\t\t\t\t\t\t<div class=\"elementor-element elementor-element-4200dfd0 service-box-view-default elementor-invisible elementor-widget elementor-widget-service-box\" data-id=\"4200dfd0\" data-element_type=\"widget\" data-settings=\"{&quot;_animation&quot;:&quot;fadeIn&quot;,&quot;_animation_delay&quot;:100}\" data-widget_type=\"service-box.default\">\n\t\t\t\t<div class=\"elementor-widget-container\">\n\t\t\t\t\t<div class=\"service-column none service-column-1 service-boxes-icon-with-title true alignicon-top alignicon-top-horizontal serviceboxes-horizontal clearfix\"> <div class=\"service-item none service-item-space\"><div class=\"service-item-inner service-icon-size-small\"><div class=\"service-icon\"><span class=\"icon-outer\"><i class=\"fontawesome in-circle  fa fa-address-card\"><\/i><\/span><\/div><div class=\"service-content\"><h4><a  href=\"https:\/\/www.oriolmorte.com\/contact\/\" >Contacte<\/a><\/h4><div class=\"service-details\"><p> Parlem! Contacta'm per negocis, c\u00f2pies en paper o col\u00b7laborar! <\/p>\n<a class=\"theme-btn-link\" href=\"https:\/\/www.oriolmorte.com\/contact\/\"><div class=\"theme-btn theme-btn-outline-primary theme-hover-arrow\">Saltar a la p\u00e0gina<\/div><\/a><\/div><\/div><\/div><\/div> <\/div>\t\t\t\t<\/div>\n\t\t\t\t<\/div>\n\t\t\t\t\t<\/div>\n\t\t<\/div>\n\t\t\t\t\t<\/div>\n\t\t<\/section>\n\t\t\t\t<\/div>\n\t\t","protected":false},"excerpt":{"rendered":"<p>Sobre mi Qui hi ha darrera de la c\u00e0mera Nascut a Barcelona 1982 Diguem que l&#8217;Oriol va iniciar-se en la fotografia durant la seva inf\u00e0ncia amb una c\u00e0mera anal\u00f2gica de pl\u00e0stic vermella sense ajustos manuals. M\u00e9s tard, despr\u00e9s d&#8217;una Minolta compacta i d&#8217;una c\u00e0mera r\u00e9flex del seu pare la marca del qual ha prom\u00e8s de no dir, va entrar en la fotografia digital. Aix\u00f2 va significar un salt en la seva formaci\u00f3 fotogr\u00e0fica i poc despr\u00e9s va esdevenir fot\u00f2graf freelance [&hellip;]<\/p>\n","protected":false},"author":1,"featured_media":44412,"parent":0,"menu_order":0,"comment_status":"closed","ping_status":"closed","template":"","meta":{"footnotes":""},"yoast_head":"<!-- This site is optimized with the Yoast SEO plugin v23.5 - https:\/\/yoast.com\/wordpress\/plugins\/seo\/ -->\n<title>Sobre mi - Oriol Morte | Visuals<\/title>\n<meta name=\"description\" content=\"Sobre mi. Una mica sobre Oriol Morte, fot\u00f2graf de Barcelona, pilot de drones i artista visual. Viatja arreu del m\u00f3n.\" \/>\n<meta name=\"robots\" content=\"index, follow, max-snippet:-1, max-image-preview:large, max-video-preview:-1\" \/>\n<link rel=\"canonical\" href=\"https:\/\/www.oriolmorte.com\/ca\/sobre-mi\/\" \/>\n<meta property=\"og:locale\" content=\"ca_ES\" \/>\n<meta property=\"og:type\" content=\"article\" \/>\n<meta property=\"og:title\" content=\"Sobre mi - Oriol Morte | Visuals\" \/>\n<meta property=\"og:description\" content=\"Sobre mi. Una mica sobre Oriol Morte, fot\u00f2graf de Barcelona, pilot de drones i artista visual. Viatja arreu del m\u00f3n.\" \/>\n<meta property=\"og:url\" content=\"https:\/\/www.oriolmorte.com\/ca\/sobre-mi\/\" \/>\n<meta property=\"og:site_name\" content=\"Oriol Morte | Visuals\" \/>\n<meta property=\"article:modified_time\" content=\"2025-12-18T23:03:20+00:00\" \/>\n<meta property=\"og:image\" content=\"https:\/\/www.oriolmorte.com\/wp-content\/uploads\/2020\/02\/OM_dobleexpo_arrowtown_oriol.jpg\" \/>\n\t<meta property=\"og:image:width\" content=\"1400\" \/>\n\t<meta property=\"og:image:height\" content=\"1400\" \/>\n\t<meta property=\"og:image:type\" content=\"image\/jpeg\" \/>\n<meta name=\"twitter:card\" content=\"summary_large_image\" \/>\n<meta name=\"twitter:site\" content=\"@oriolmorte\" \/>\n<meta name=\"twitter:label1\" content=\"Temps estimat de lectura\" \/>\n\t<meta name=\"twitter:data1\" content=\"2 minuts\" \/>\n<script type=\"application\/ld+json\" class=\"yoast-schema-graph\">{\"@context\":\"https:\/\/schema.org\",\"@graph\":[{\"@type\":\"WebPage\",\"@id\":\"https:\/\/www.oriolmorte.com\/ca\/sobre-mi\/\",\"url\":\"https:\/\/www.oriolmorte.com\/ca\/sobre-mi\/\",\"name\":\"Sobre mi - Oriol Morte | Visuals\",\"isPartOf\":{\"@id\":\"https:\/\/www.oriolmorte.com\/ca\/#website\"},\"primaryImageOfPage\":{\"@id\":\"https:\/\/www.oriolmorte.com\/ca\/sobre-mi\/#primaryimage\"},\"image\":{\"@id\":\"https:\/\/www.oriolmorte.com\/ca\/sobre-mi\/#primaryimage\"},\"thumbnailUrl\":\"https:\/\/www.oriolmorte.com\/wp-content\/uploads\/2020\/02\/OM_dobleexpo_arrowtown_oriol.jpg\",\"datePublished\":\"2020-03-01T14:59:52+00:00\",\"dateModified\":\"2025-12-18T23:03:20+00:00\",\"description\":\"Sobre mi. Una mica sobre Oriol Morte, fot\u00f2graf de Barcelona, pilot de drones i artista visual. Viatja arreu del m\u00f3n.\",\"breadcrumb\":{\"@id\":\"https:\/\/www.oriolmorte.com\/ca\/sobre-mi\/#breadcrumb\"},\"inLanguage\":\"ca\",\"potentialAction\":[{\"@type\":\"ReadAction\",\"target\":[\"https:\/\/www.oriolmorte.com\/ca\/sobre-mi\/\"]}]},{\"@type\":\"ImageObject\",\"inLanguage\":\"ca\",\"@id\":\"https:\/\/www.oriolmorte.com\/ca\/sobre-mi\/#primaryimage\",\"url\":\"https:\/\/www.oriolmorte.com\/wp-content\/uploads\/2020\/02\/OM_dobleexpo_arrowtown_oriol.jpg\",\"contentUrl\":\"https:\/\/www.oriolmorte.com\/wp-content\/uploads\/2020\/02\/OM_dobleexpo_arrowtown_oriol.jpg\",\"width\":1400,\"height\":1400,\"caption\":\"Oriol Morte\"},{\"@type\":\"BreadcrumbList\",\"@id\":\"https:\/\/www.oriolmorte.com\/ca\/sobre-mi\/#breadcrumb\",\"itemListElement\":[{\"@type\":\"ListItem\",\"position\":1,\"name\":\"Home\",\"item\":\"https:\/\/www.oriolmorte.com\/ca\/\"},{\"@type\":\"ListItem\",\"position\":2,\"name\":\"Sobre mi\"}]},{\"@type\":\"WebSite\",\"@id\":\"https:\/\/www.oriolmorte.com\/ca\/#website\",\"url\":\"https:\/\/www.oriolmorte.com\/ca\/\",\"name\":\"Oriol Morte | Visuals\",\"description\":\"Photography\",\"publisher\":{\"@id\":\"https:\/\/www.oriolmorte.com\/ca\/#\/schema\/person\/c939f3cb1e4f0e0d005eba682aa7f5a3\"},\"potentialAction\":[{\"@type\":\"SearchAction\",\"target\":{\"@type\":\"EntryPoint\",\"urlTemplate\":\"https:\/\/www.oriolmorte.com\/ca\/?s={search_term_string}\"},\"query-input\":{\"@type\":\"PropertyValueSpecification\",\"valueRequired\":true,\"valueName\":\"search_term_string\"}}],\"inLanguage\":\"ca\"},{\"@type\":[\"Person\",\"Organization\"],\"@id\":\"https:\/\/www.oriolmorte.com\/ca\/#\/schema\/person\/c939f3cb1e4f0e0d005eba682aa7f5a3\",\"name\":\"Oriol Morte\",\"image\":{\"@type\":\"ImageObject\",\"inLanguage\":\"ca\",\"@id\":\"https:\/\/www.oriolmorte.com\/ca\/#\/schema\/person\/image\/\",\"url\":\"https:\/\/www.oriolmorte.com\/wp-content\/uploads\/2014\/03\/logo_OM_black_translucent_background.png\",\"contentUrl\":\"https:\/\/www.oriolmorte.com\/wp-content\/uploads\/2014\/03\/logo_OM_black_translucent_background.png\",\"width\":500,\"height\":500,\"caption\":\"Oriol Morte\"},\"logo\":{\"@id\":\"https:\/\/www.oriolmorte.com\/ca\/#\/schema\/person\/image\/\"},\"description\":\"Photographer since 2002\"}]}<\/script>\n<!-- \/ Yoast SEO plugin. -->","yoast_head_json":{"title":"Sobre mi - Oriol Morte | Visuals","description":"Sobre mi. Una mica sobre Oriol Morte, fot\u00f2graf de Barcelona, pilot de drones i artista visual. Viatja arreu del m\u00f3n.","robots":{"index":"index","follow":"follow","max-snippet":"max-snippet:-1","max-image-preview":"max-image-preview:large","max-video-preview":"max-video-preview:-1"},"canonical":"https:\/\/www.oriolmorte.com\/ca\/sobre-mi\/","og_locale":"ca_ES","og_type":"article","og_title":"Sobre mi - Oriol Morte | Visuals","og_description":"Sobre mi. Una mica sobre Oriol Morte, fot\u00f2graf de Barcelona, pilot de drones i artista visual. Viatja arreu del m\u00f3n.","og_url":"https:\/\/www.oriolmorte.com\/ca\/sobre-mi\/","og_site_name":"Oriol Morte | Visuals","article_modified_time":"2025-12-18T23:03:20+00:00","og_image":[{"width":1400,"height":1400,"url":"https:\/\/www.oriolmorte.com\/wp-content\/uploads\/2020\/02\/OM_dobleexpo_arrowtown_oriol.jpg","type":"image\/jpeg"}],"twitter_card":"summary_large_image","twitter_site":"@oriolmorte","twitter_misc":{"Temps estimat de lectura":"2 minuts"},"schema":{"@context":"https:\/\/schema.org","@graph":[{"@type":"WebPage","@id":"https:\/\/www.oriolmorte.com\/ca\/sobre-mi\/","url":"https:\/\/www.oriolmorte.com\/ca\/sobre-mi\/","name":"Sobre mi - Oriol Morte | Visuals","isPartOf":{"@id":"https:\/\/www.oriolmorte.com\/ca\/#website"},"primaryImageOfPage":{"@id":"https:\/\/www.oriolmorte.com\/ca\/sobre-mi\/#primaryimage"},"image":{"@id":"https:\/\/www.oriolmorte.com\/ca\/sobre-mi\/#primaryimage"},"thumbnailUrl":"https:\/\/www.oriolmorte.com\/wp-content\/uploads\/2020\/02\/OM_dobleexpo_arrowtown_oriol.jpg","datePublished":"2020-03-01T14:59:52+00:00","dateModified":"2025-12-18T23:03:20+00:00","description":"Sobre mi. Una mica sobre Oriol Morte, fot\u00f2graf de Barcelona, pilot de drones i artista visual. Viatja arreu del m\u00f3n.","breadcrumb":{"@id":"https:\/\/www.oriolmorte.com\/ca\/sobre-mi\/#breadcrumb"},"inLanguage":"ca","potentialAction":[{"@type":"ReadAction","target":["https:\/\/www.oriolmorte.com\/ca\/sobre-mi\/"]}]},{"@type":"ImageObject","inLanguage":"ca","@id":"https:\/\/www.oriolmorte.com\/ca\/sobre-mi\/#primaryimage","url":"https:\/\/www.oriolmorte.com\/wp-content\/uploads\/2020\/02\/OM_dobleexpo_arrowtown_oriol.jpg","contentUrl":"https:\/\/www.oriolmorte.com\/wp-content\/uploads\/2020\/02\/OM_dobleexpo_arrowtown_oriol.jpg","width":1400,"height":1400,"caption":"Oriol Morte"},{"@type":"BreadcrumbList","@id":"https:\/\/www.oriolmorte.com\/ca\/sobre-mi\/#breadcrumb","itemListElement":[{"@type":"ListItem","position":1,"name":"Home","item":"https:\/\/www.oriolmorte.com\/ca\/"},{"@type":"ListItem","position":2,"name":"Sobre mi"}]},{"@type":"WebSite","@id":"https:\/\/www.oriolmorte.com\/ca\/#website","url":"https:\/\/www.oriolmorte.com\/ca\/","name":"Oriol Morte | Visuals","description":"Photography","publisher":{"@id":"https:\/\/www.oriolmorte.com\/ca\/#\/schema\/person\/c939f3cb1e4f0e0d005eba682aa7f5a3"},"potentialAction":[{"@type":"SearchAction","target":{"@type":"EntryPoint","urlTemplate":"https:\/\/www.oriolmorte.com\/ca\/?s={search_term_string}"},"query-input":{"@type":"PropertyValueSpecification","valueRequired":true,"valueName":"search_term_string"}}],"inLanguage":"ca"},{"@type":["Person","Organization"],"@id":"https:\/\/www.oriolmorte.com\/ca\/#\/schema\/person\/c939f3cb1e4f0e0d005eba682aa7f5a3","name":"Oriol Morte","image":{"@type":"ImageObject","inLanguage":"ca","@id":"https:\/\/www.oriolmorte.com\/ca\/#\/schema\/person\/image\/","url":"https:\/\/www.oriolmorte.com\/wp-content\/uploads\/2014\/03\/logo_OM_black_translucent_background.png","contentUrl":"https:\/\/www.oriolmorte.com\/wp-content\/uploads\/2014\/03\/logo_OM_black_translucent_background.png","width":500,"height":500,"caption":"Oriol Morte"},"logo":{"@id":"https:\/\/www.oriolmorte.com\/ca\/#\/schema\/person\/image\/"},"description":"Photographer since 2002"}]}},"_links":{"self":[{"href":"https:\/\/www.oriolmorte.com\/ca\/wp-json\/wp\/v2\/pages\/44436"}],"collection":[{"href":"https:\/\/www.oriolmorte.com\/ca\/wp-json\/wp\/v2\/pages"}],"about":[{"href":"https:\/\/www.oriolmorte.com\/ca\/wp-json\/wp\/v2\/types\/page"}],"author":[{"embeddable":true,"href":"https:\/\/www.oriolmorte.com\/ca\/wp-json\/wp\/v2\/users\/1"}],"replies":[{"embeddable":true,"href":"https:\/\/www.oriolmorte.com\/ca\/wp-json\/wp\/v2\/comments?post=44436"}],"version-history":[{"count":27,"href":"https:\/\/www.oriolmorte.com\/ca\/wp-json\/wp\/v2\/pages\/44436\/revisions"}],"predecessor-version":[{"id":50043,"href":"https:\/\/www.oriolmorte.com\/ca\/wp-json\/wp\/v2\/pages\/44436\/revisions\/50043"}],"wp:featuredmedia":[{"embeddable":true,"href":"https:\/\/www.oriolmorte.com\/ca\/wp-json\/wp\/v2\/media\/44412"}],"wp:attachment":[{"href":"https:\/\/www.oriolmorte.com\/ca\/wp-json\/wp\/v2\/media?parent=44436"}],"curies":[{"name":"wp","href":"https:\/\/api.w.org\/{rel}","templated":true}]}}